{"id":120,"date":"2013-04-04T16:06:33","date_gmt":"2013-04-04T16:06:33","guid":{"rendered":"https:\/\/beta.research.ece.ncsu.edu\/aros\/?page_id=120"},"modified":"2026-03-18T13:13:13","modified_gmt":"2026-03-18T13:13:13","slug":"outreach","status":"publish","type":"page","link":"https:\/\/research.ece.ncsu.edu\/aros\/outreach\/","title":{"rendered":"Outreach"},"content":{"rendered":"<p>[et_pb_section fb_built=&#8221;1&#8243; admin_label=&#8221;section&#8221; _builder_version=&#8221;4.16&#8243; global_colors_info=&#8221;{}&#8221;][et_pb_row column_structure=&#8221;1_4,3_4&#8243; admin_label=&#8221;row&#8221; _builder_version=&#8221;4.16&#8243; background_size=&#8221;initial&#8221; background_position=&#8221;top_left&#8221; background_repeat=&#8221;repeat&#8221; global_colors_info=&#8221;{}&#8221;][et_pb_column type=&#8221;1_4&#8243; _builder_version=&#8221;4.16&#8243; custom_padding=&#8221;|||&#8221; global_colors_info=&#8221;{}&#8221; custom_padding__hover=&#8221;|||&#8221;][et_pb_image src=&#8221;https:\/\/research.ece.ncsu.edu\/wp-content\/uploads\/sites\/7\/2016\/01\/aros-lab-logo.png&#8221; align_tablet=&#8221;center&#8221; align_phone=&#8221;&#8221; align_last_edited=&#8221;on|desktop&#8221; _builder_version=&#8221;4.16&#8243; animation_style=&#8221;slide&#8221; animation_direction=&#8221;left&#8221; animation_duration=&#8221;500ms&#8221; animation_intensity_slide=&#8221;10%&#8221; animation=&#8221;left&#8221; sticky=&#8221;off&#8221; use_border_color=&#8221;off&#8221; border_color=&#8221;#ffffff&#8221; border_style=&#8221;solid&#8221; always_center_on_mobile=&#8221;on&#8221; global_colors_info=&#8221;{}&#8221;][\/et_pb_image][\/et_pb_column][et_pb_column type=&#8221;3_4&#8243; _builder_version=&#8221;4.16&#8243; custom_padding=&#8221;|||&#8221; global_colors_info=&#8221;{}&#8221; custom_padding__hover=&#8221;|||&#8221;][et_pb_text _builder_version=&#8221;4.17.0&#8243; background_size=&#8221;initial&#8221; background_position=&#8221;top_left&#8221; background_repeat=&#8221;repeat&#8221; hover_enabled=&#8221;0&#8243; global_colors_info=&#8221;{}&#8221; sticky_enabled=&#8221;0&#8243;]<\/p>\n<h1><strong>Video Presentations:<\/strong><\/h1>\n<ul>\n<li>October, 2020 &#8211; ECE Open House &#8211; <a href=\"https:\/\/www.youtube.com\/watch?v=ciDp1YMtmDQ&amp;feature=emb_logo\">Water Stress Detection in Crops<\/a><\/li>\n<li>March, 2018 &#8211; IPAM Latinx in Mathematical Sciences Conference\u00a0 &#8211; <a href=\"https:\/\/youtu.be\/1cYxtu1XdIE\">From Cyborg-Insect to Human Motion: Topological Data Analysis Applied to Time Series<\/a><\/li>\n<\/ul>\n<p>&nbsp;<\/p>\n<h1><strong>In the News:<\/strong><\/h1>\n<p>&nbsp;<\/p>\n<ul>\n<li>November 4, 2024 &#8211; NCSU News &#8211; <a href=\"https:\/\/cals.ncsu.edu\/psi\/news\/toward-faster-nematode-test-results\/\">Toward Faster Nematode Test Results<\/a><\/li>\n<li>December 12, 2022 &#8211; NCSU News &#8211; <a href=\"https:\/\/news.ncsu.edu\/2022\/12\/fossil-sorting-robots\/\">Fossil-Sorting Robots Will help Researchers Study Oceans, Climate<\/a><\/li>\n<li>September 5, 2022 &#8211; RoboFlow Blog &#8211; <a href=\"https:\/\/blog.roboflow.com\/spectrograms-computer-vision\/\">Train Activity Recognition Models using Spectrograms and Computer Vision<\/a><\/li>\n<li>April 27, 2021 &#8211; IEEE Spectrum &#8211; <a href=\"https:\/\/spectrum.ieee.org\/tech-talk\/biomedical\/devices\/exoskeleton-walking\">Robotic Exoskeletons Could One Day Walk by Themselves <\/a><\/li>\n<li>January 18, 2021 &#8211; OpenCV Blog &#8211; <a href=\"https:\/\/opencv.org\/smarter-more-precise-weed-management-with-phenocv-weedcam\/\">Smarter, More Precise Weed Management with PhenoCV-WeedCam<\/a><\/li>\n<li>June 9, 2020 -NCSU News &#8211; <a href=\"https:\/\/cals.ncsu.edu\/news\/low-cost-cameras-could-be-sensors-to-remotely-monitor-crop-stress\/\">Low-Cost Cameras Could Be Sensors to Remotely Monitor Crop Stress<\/a><\/li>\n<li>May 29, 2020 &#8211; Tech Briefs &#8211; <a href=\"https:\/\/www.techbriefs.com\/component\/content\/article\/tb\/stories\/blog\/36977\">A Breakthrough for Robotic Prosthetics: Researchers Train A.I. to Spot Different Terrain<\/a><\/li>\n<li>May 27, 2020 \u2013 NCSU News \u2013 <a href=\"https:\/\/news.ncsu.edu\/2020\/05\/prosthetics-computer-vision-uncertainty\/\">Researchers Incorporate Computer Vision, Uncertainty into AI for Robotic Prosthetics<\/a><\/li>\n<li>November 12, 2019 -NCSU News &#8211; <a href=\"https:\/\/cals.ncsu.edu\/news\/10m-grant-to-nc-state-usda-ars-to-advance-cover-crops-transform-agriculture\/\">$10M Grant to NC State, USDA-ARS to Advance Cover Crops, Transform Agriculture<\/a><\/li>\n<li>October 10, 2019 &#8211; NCSU News &#8211; <a href=\"https:\/\/www.ece.ncsu.edu\/2019\/10\/nc-state-unc-chapel-hill-leverage-respective-strengths-to-improve-asthma-care\/\">Leveraging Strengths to Improve Asthma Care<\/a><\/li>\n<li>August 13, 2019 -Clearpath Blog &#8211; <a href=\"https:\/\/clearpathrobotics.com\/blog\/2019\/08\/automating-construction-progress-monitoring-with-husky-ugv-and-north-carolina-state-university\/\">Automating Construction Progress Monitoring with Husky UGV and NC State University<\/a><\/li>\n<li>February 6, 2019 &#8211; ScienceDaily &#8211; <a href=\"https:\/\/www.sciencedaily.com\/releases\/2019\/02\/190206104535.htm\">Artificial Intelligence can Identify Microscopic Marine Organisms<\/a><\/li>\n<li>October 23, 2018 &#8211; WRAL TechWire &#8211; <a href=\"https:\/\/www.wraltechwire.com\/2018\/10\/23\/iot-demo-night-wonders-internet-connected-insects-opioid-detecting-sewer-bots-and-more\/\">IoT Demo Night Wonders<\/a><\/li>\n<li>July 5, 2017 &#8211; NCSU News &#8211; <a href=\"https:\/\/news.ncsu.edu\/2017\/07\/lobaton-transformers-2017\/\">From Transformers to Autonomous Systems<\/a><\/li>\n<li>February 28, 2017 &#8211; New Atlas &#8211; <a href=\"http:\/\/newatlas.com\/cyborg-cockroaches-navigate-disaster-zones\/48150\/\">Random Zaps Make Cyborg Cockroaches Better Explorers<\/a><\/li>\n<li>February 27, 2017 -Science Daily &#8211; <a href=\"https:\/\/www.sciencedaily.com\/releases\/2017\/02\/170227100714.htm\">Tracking the Movement of Cyborg Cockroaches<\/a><\/li>\n<li>November 18, 2016 &#8211; Seeker &#8211; <a href=\"http:\/\/www.seeker.com\/drones-and-cyborg-roaches-team-up-to-map-disaster-zones-2098896035.html\">Drones and Cyborg Roaches Team Up to Map Disaster Zones<\/a><\/li>\n<li>November 17, 2016 &#8211; TechXplore &#8211; <a href=\"https:\/\/techxplore.com\/news\/2016-11-tech-drones-insect-biobots-disaster.html\">Tech would use Drones and Insect Biobots to Map Disaster Areas<\/a><\/li>\n<li>November 16, 2016 &#8211; Phys.org &#8211; <a href=\"http:\/\/phys.org\/news\/2016-11-efficient-approach-tracking-physical-wearable.html\">Efficient Approach for Tracking Physical Activity with Wearable Health Devices<\/a><\/li>\n<li>September 8, 2016 &#8211; SAS Blogs &#8211; <a href=\"http:\/\/blogs.sas.com\/content\/subconsciousmusings\/2016\/09\/08\/applying-time-series-machine-learning-techniques-in-healthcare\/\">Time Series Machine Learning Techniques in Healthcare<\/a><\/li>\n<li>August 30, 2016 &#8211; SAS Blogs &#8211;\u00a0 <a href=\"http:\/\/blogs.sas.com\/content\/datamanagement\/2016\/08\/30\/streaming-data-and-wearables\/\">Streaming Data and Wearables: Allies against Rising Health Care Costs<\/a><\/li>\n<\/ul>\n<p>&nbsp;<\/p>\n<h1><strong>En Espa\u00f1ol:<\/strong><\/h1>\n<p>&nbsp;<\/p>\n<ul>\n<li>October 13, 2021 &#8211; NC Museum of Natural Sciences &#8211; <a href=\"https:\/\/youtu.be\/nysIY9oLG4k\">Hispanic Heritage Month Panel<\/a><\/li>\n<li>March 30, 2019 &#8211; NC State &#8211; <a href=\"https:\/\/youtu.be\/YrxLUdmOaHA\">Sesi\u00f3n de informaci\u00f3n de Ingenier\u00eda El\u00e9ctrica y de Computaci\u00f3n<\/a><\/li>\n<li>March 30, 2019 &#8211; NC State &#8211; <a href=\"https:\/\/youtu.be\/SWsUWb2421I\">Nuestros Investigadores<\/a><\/li>\n<li>April 28, 2017 &#8211; Univision &#8211;\u00a0<a href=\"http:\/\/www.univision.com\/north-carolina\/wuvc\/noticias\/tecnologia\/profesores-y-alumnos-de-carolina-del-norte-presentan-un-robot-para-sitios-de-construccion-video\">Professores y Alumnos de Carolina del Norte Presentan un Robot para Sitios de Construcci\u00f3n<\/a><\/li>\n<li>November 17, 2017 &#8211; EurekAlert &#8211; <a href=\"https:\/\/www.eurekalert.org\/pub_releases_ml\/2016-11\/ncsu-t111716.php\">Nueva Tecnolog\u00eda usar\u00eda Drones y Cucarachas &#8216;Cyborg&#8217; para Crear un Mapa de una Zona de Desastre<\/a><\/li>\n<li>September 6, 2016 &#8211; WRAL &#8211; <a href=\"http:\/\/www.wral.com\/news\/noticias\/video\/15991701\/\">Latino Leaders of the Week: Edgar Lobaton<\/a><\/li>\n<li>July 23, 2012 &#8211; SACNAS &#8211; <a href=\"https:\/\/www.youtube.com\/watch?v=E9i_gxOPKus\">Edgar Lobaton: Benefits of a PhD<\/a><\/li>\n<\/ul>\n<p>&nbsp;<\/p>\n<p>&nbsp;<\/p>\n<h1><strong>Archived News:<\/strong><\/h1>\n<p>&nbsp;<\/p>\n<ul>\n<li>July 29, 2016 &#8211; Inverse &#8211; <a href=\"https:\/\/www.inverse.com\/article\/18959-robots-are-going-to-sort-shells-for-climate-change\">What Microscopic Shell Fossils Can Teach Us About Ancient Oceans<\/a><\/li>\n<li>July 5, 2016 &#8211; NCSU News &#8211; <a href=\"https:\/\/news.ncsu.edu\/2016\/07\/paleo-ocean-robots-2016\/\">How Teaching Robots to Identify Microscopic Fossils Could Help Us Understand Oceans<\/a><\/li>\n<li>June 20, 2016 &#8211; NCSU News &#8211; <a href=\"https:\/\/news.ncsu.edu\/2016\/06\/segmentation-computer-vision-2016\/\">New Technique Improves Accuracy of Computer Vision Technologies<\/a><\/li>\n<li>March 28, 2016 &#8211; NCSU Engineering News &#8211; <a href=\"https:\/\/news.engr.ncsu.edu\/2016\/03\/six-nc-state-engineering-researchers-earn-nsf-career-awards\/\">Seven NC State Engineering researchers earn NSF CAREER awards<\/a><\/li>\n<li>July 22, 2015 &#8211; New Scientist &#8211; <a href=\"https:\/\/www.newscientist.com\/article\/mg22730311-600-cyborg-cockroach-and-drone-teams-can-locate-disaster-survivors\/\">Cyborg Cockroach and Drone Teams can Locate Disaster Survivors<\/a><\/li>\n<li>December 13, 2013 &#8211; IEEE Spectrum &#8211; <a href=\"http:\/\/spectrum.ieee.org\/podcast\/biomedical\/bionics\/cyborg-cockroaches-to-the-rescue\">Cyborg Cockroaches to the Rescue<\/a><\/li>\n<li>October 18, 2013 &#8211; The Wall Street Journal &#8211; <a href=\"http:\/\/www.wsj.com\/articles\/SB10001424052702304864504579141480918348634\">Send In the Cockroach Squad<\/a><\/li>\n<li>October 16, 2013 &#8211; Gigaom &#8211; <a href=\"https:\/\/gigaom.com\/2013\/10\/16\/cyborg-insects-could-map-collapsed-buildings-for-first-responders\/\">Cyborg Insects could Map Collapsed Buildings for First Responders<\/a><\/li>\n<li>October 16, 2013 &#8211; NBC News &#8211; <a href=\"http:\/\/www.nbcnews.com\/technology\/dont-panic-these-cyborg-roaches-are-trained-emergencies-8C11403092\">Don&#8217;t Panic! These Cyborg Roaches are Trained for Emergencies<\/a><\/li>\n<li>October 16, 2013 &#8211; NCSU News &#8211; <a href=\"https:\/\/news.ncsu.edu\/2013\/10\/wms-lobaton-swarm-2013\/\">Software Uses Cyborg Swarm to Map Unknown Environs<\/a><\/li>\n<\/ul>\n<p>[\/et_pb_text][\/et_pb_column][\/et_pb_row][\/et_pb_section]<\/p>\n","protected":false},"excerpt":{"rendered":"<p>Video Presentations: October, 2020 &#8211; ECE Open House &#8211; Water Stress Detection in Crops March, 2018 &#8211; IPAM Latinx in Mathematical Sciences Conference\u00a0 &#8211; From Cyborg-Insect to Human Motion: Topological [&hellip;]<\/p>\n","protected":false},"author":44,"featured_media":0,"parent":0,"menu_order":1,"comment_status":"closed","ping_status":"closed","template":"","meta":{"_et_pb_use_builder":"on","_et_pb_old_content":"","_et_gb_content_width":"","footnotes":""},"class_list":["post-120","page","type-page","status-publish","hentry"],"aioseo_notices":[],"_links":{"self":[{"href":"https:\/\/research.ece.ncsu.edu\/aros\/wp-json\/wp\/v2\/pages\/120","targetHints":{"allow":["GET"]}}],"collection":[{"href":"https:\/\/research.ece.ncsu.edu\/aros\/wp-json\/wp\/v2\/pages"}],"about":[{"href":"https:\/\/research.ece.ncsu.edu\/aros\/wp-json\/wp\/v2\/types\/page"}],"author":[{"embeddable":true,"href":"https:\/\/research.ece.ncsu.edu\/aros\/wp-json\/wp\/v2\/users\/44"}],"replies":[{"embeddable":true,"href":"https:\/\/research.ece.ncsu.edu\/aros\/wp-json\/wp\/v2\/comments?post=120"}],"version-history":[{"count":22,"href":"https:\/\/research.ece.ncsu.edu\/aros\/wp-json\/wp\/v2\/pages\/120\/revisions"}],"predecessor-version":[{"id":1836,"href":"https:\/\/research.ece.ncsu.edu\/aros\/wp-json\/wp\/v2\/pages\/120\/revisions\/1836"}],"wp:attachment":[{"href":"https:\/\/research.ece.ncsu.edu\/aros\/wp-json\/wp\/v2\/media?parent=120"}],"curies":[{"name":"wp","href":"https:\/\/api.w.org\/{rel}","templated":true}]}}