{"id":105,"date":"2020-10-08T04:08:01","date_gmt":"2020-10-08T04:08:01","guid":{"rendered":"https:\/\/beta.research.ece.ncsu.edu\/bandodkargroup\/?page_id=105"},"modified":"2020-10-08T06:15:00","modified_gmt":"2020-10-08T06:15:00","slug":"2015-2","status":"publish","type":"page","link":"https:\/\/research.ece.ncsu.edu\/bandodkargroup\/publications\/2015-2\/","title":{"rendered":"2015"},"content":{"rendered":"\t\t<div data-elementor-type=\"wp-page\" data-elementor-id=\"105\" class=\"elementor elementor-105\">\n\t\t\t\t\t\t<section class=\"elementor-section elementor-top-section elementor-element elementor-element-34fd6c4 elementor-section-boxed elementor-section-height-default elementor-section-height-default\" data-id=\"34fd6c4\" data-element_type=\"section\" data-e-type=\"section\" data-settings=\"{&quot;background_background&quot;:&quot;slideshow&quot;,&quot;background_slideshow_gallery&quot;:[{&quot;id&quot;:8,&quot;url&quot;:&quot;https:\\\/\\\/research.ece.ncsu.edu\\\/wp-content\\\/uploads\\\/sites\\\/9\\\/2020\\\/10\\\/2-scaled.jpg&quot;},{&quot;id&quot;:32,&quot;url&quot;:&quot;https:\\\/\\\/research.ece.ncsu.edu\\\/wp-content\\\/uploads\\\/sites\\\/9\\\/2020\\\/10\\\/9A-e1602115051998.jpg&quot;},{&quot;id&quot;:57,&quot;url&quot;:&quot;https:\\\/\\\/research.ece.ncsu.edu\\\/wp-content\\\/uploads\\\/sites\\\/9\\\/2020\\\/10\\\/4-scaled.jpg&quot;},{&quot;id&quot;:23,&quot;url&quot;:&quot;https:\\\/\\\/research.ece.ncsu.edu\\\/wp-content\\\/uploads\\\/sites\\\/9\\\/2020\\\/10\\\/sweat-energy-910x575-1.jpg&quot;},{&quot;id&quot;:24,&quot;url&quot;:&quot;https:\\\/\\\/research.ece.ncsu.edu\\\/wp-content\\\/uploads\\\/sites\\\/9\\\/2020\\\/10\\\/1068090_iontophoresis-sensor-platform-diabetes-15.jpg&quot;},{&quot;id&quot;:22,&quot;url&quot;:&quot;https:\\\/\\\/research.ece.ncsu.edu\\\/wp-content\\\/uploads\\\/sites\\\/9\\\/2020\\\/10\\\/download.jpg&quot;}],&quot;background_slideshow_transition_duration&quot;:300,&quot;background_slideshow_loop&quot;:&quot;yes&quot;,&quot;background_slideshow_slide_duration&quot;:5000,&quot;background_slideshow_slide_transition&quot;:&quot;fade&quot;}\">\n\t\t\t\t\t\t<div class=\"elementor-container elementor-column-gap-default\">\n\t\t\t\t\t<div class=\"elementor-column elementor-col-100 elementor-top-column elementor-element elementor-element-25f0512\" data-id=\"25f0512\" data-element_type=\"column\" data-e-type=\"column\">\n\t\t\t<div class=\"elementor-widget-wrap\">\n\t\t\t\t\t\t\t<\/div>\n\t\t<\/div>\n\t\t\t\t\t<\/div>\n\t\t<\/section>\n\t\t\t\t<section class=\"elementor-section elementor-top-section elementor-element elementor-element-2f66d21 elementor-section-boxed elementor-section-height-default elementor-section-height-default\" data-id=\"2f66d21\" data-element_type=\"section\" data-e-type=\"section\">\n\t\t\t\t\t\t<div class=\"elementor-container elementor-column-gap-default\">\n\t\t\t\t\t<div class=\"elementor-column elementor-col-100 elementor-top-column elementor-element elementor-element-e4329c7\" data-id=\"e4329c7\" data-element_type=\"column\" data-e-type=\"column\">\n\t\t\t<div class=\"elementor-widget-wrap elementor-element-populated\">\n\t\t\t\t\t\t<div class=\"elementor-element elementor-element-4fc0290 elementor-widget elementor-widget-heading\" data-id=\"4fc0290\" data-element_type=\"widget\" data-e-type=\"widget\" data-widget_type=\"heading.default\">\n\t\t\t\t<div class=\"elementor-widget-container\">\n\t\t\t\t\t<h2 class=\"elementor-heading-title elementor-size-default\">2015<\/h2>\t\t\t\t<\/div>\n\t\t\t\t<\/div>\n\t\t\t\t\t<\/div>\n\t\t<\/div>\n\t\t\t\t\t<\/div>\n\t\t<\/section>\n\t\t\t\t<section class=\"elementor-section elementor-top-section elementor-element elementor-element-01298a0 elementor-section-boxed elementor-section-height-default elementor-section-height-default\" data-id=\"01298a0\" data-element_type=\"section\" data-e-type=\"section\">\n\t\t\t\t\t\t<div class=\"elementor-container elementor-column-gap-default\">\n\t\t\t\t\t<div class=\"elementor-column elementor-col-100 elementor-top-column elementor-element elementor-element-0a96ac8\" data-id=\"0a96ac8\" data-element_type=\"column\" data-e-type=\"column\">\n\t\t\t<div class=\"elementor-widget-wrap elementor-element-populated\">\n\t\t\t\t\t\t<div class=\"elementor-element elementor-element-efd901c elementor-widget elementor-widget-heading\" data-id=\"efd901c\" data-element_type=\"widget\" data-e-type=\"widget\" data-widget_type=\"heading.default\">\n\t\t\t\t<div class=\"elementor-widget-container\">\n\t\t\t\t\t<h2 class=\"elementor-heading-title elementor-size-default\"><h2 style=\"margin-bottom: 0px;background: transparent;font-style: normal;font-size: 22px;line-height: normal;white-space: normal\"><span style=\"background: transparent;font-size: 22px\">Complete list of publications&nbsp;<span style=\"background: transparent\"><span style=\"background: transparent;cursor: pointer;color: inherit;font-style: italic\"><a href=\"https:\/\/scholar.google.com\/citations?hl=en&amp;user=FYgDmoAAAAAJ&amp;view_op=list_works&amp;sortby=pubdate\" target=\"_blank\" rel=\"nofollow noopener\" style=\"background-image: initial;background-position: initial;background-size: initial;background-repeat: initial;background-attachment: initial;cursor: pointer;color: inherit\">here<\/a><\/span><\/span><\/span><\/h2><\/h2>\t\t\t\t<\/div>\n\t\t\t\t<\/div>\n\t\t\t\t\t<\/div>\n\t\t<\/div>\n\t\t\t\t\t<\/div>\n\t\t<\/section>\n\t\t\t\t<section class=\"elementor-section elementor-top-section elementor-element elementor-element-122a4a7 elementor-section-boxed elementor-section-height-default elementor-section-height-default\" data-id=\"122a4a7\" data-element_type=\"section\" data-e-type=\"section\">\n\t\t\t\t\t\t<div class=\"elementor-container elementor-column-gap-default\">\n\t\t\t\t\t<div class=\"elementor-column elementor-col-100 elementor-top-column elementor-element elementor-element-9ecbb89\" data-id=\"9ecbb89\" data-element_type=\"column\" data-e-type=\"column\">\n\t\t\t<div class=\"elementor-widget-wrap elementor-element-populated\">\n\t\t\t\t\t\t<div class=\"elementor-element elementor-element-3e58696 elementor-widget elementor-widget-text-editor\" data-id=\"3e58696\" data-element_type=\"widget\" data-e-type=\"widget\" data-widget_type=\"text-editor.default\">\n\t\t\t\t<div class=\"elementor-widget-container\">\n\t\t\t\t\t\t\t\t\t<p class=\"font_8\"><a href=\"https:\/\/onlinelibrary.wiley.com\/doi\/full\/10.1002\/aelm.201500289\" target=\"_blank\" rel=\"noopener\">\u201cSelf-healing Inks for Autonomous Repair of Printable Electrochemical Devices\u201d, A. J. Bandodkar, V. Mohan, C. S. L\u00f3pez, J. Ram\u00edrez and J. Wang,\u00a0<strong>Adv. Electron. Mat.<\/strong>\u00a02015, 1, 1500289.<\/a><\/p><p class=\"font_8\"><a href=\"https:\/\/onlinelibrary.wiley.com\/doi\/full\/10.1002\/adhm.201400808\" target=\"_blank\" rel=\"noopener\">\u201cBiocompatible Enzymatic Roller Pens for Direct Writing of Biocatalytic Materials: \u201cDo-it-Yourself\u201d Electrochemical Biosensors\u201d, A. J. Bandodkar, W. Jia, J. Ram\u00edrez and J. Wang,\u00a0<strong>Adv. Health. Mat.<\/strong>\u00a02015, 4, 1215.<\/a><\/p><p class=\"font_8\"><a href=\"https:\/\/onlinelibrary.wiley.com\/doi\/full\/10.1002\/adma.201500768\" target=\"_blank\" rel=\"noopener\">\u201cAll-Printed Stretchable Electrochemical Devices\u201d, A. J. Bandodkar, R. Nu\u00f1ez-Flores, W. Jia and J. Wang,\u00a0<strong>Adv. Mat.<\/strong>\u00a02015, 27, 3060.<\/a><\/p><p class=\"font_8\"><a href=\"https:\/\/onlinelibrary.wiley.com\/doi\/full\/10.1002\/elan.201400537\" target=\"_blank\" rel=\"noopener\">\u201cTattoo-based Wearable Electrochemical Devices: A Review\u201d, A. J. Bandodkar, W. Jia and J. Wang,\u00a0<strong>Electroanal.<\/strong>\u00a02015,27, 562.<\/a><\/p><p class=\"font_8\"><a href=\"https:\/\/www.sciencedirect.com\/science\/article\/pii\/S1388248114003701\" target=\"_blank\" rel=\"noopener\">\u201cWearable temporary tattoo sensor for real-time trace-metal monitoring in human sweat\u201d, J. Kim, W. R. de Araujo, I. A. Samek, A. J. Bandodkar, W. Jia, B. Brunetti, Thiago R.L.C. Paix\u00e3o and J. Wang,\u00a0<strong>Electrochem. Commun.<\/strong>\u00a02015, 51, 41.<\/a><\/p><p class=\"font_8\"><a href=\"https:\/\/pubs.acs.org\/doi\/abs\/10.1021\/ac504300n\" target=\"_blank\" rel=\"noopener\">\u201cTattoo-based Non-invasive Glucose Monitoring: a Proof-of-Concept Study\u201d, A. J. Bandodkar, W. Jia, C. Yard\u0131mc\u0131, X. Wang, J. Ram\u00edrez and J. Wang,\u00a0<strong>Anal. Chem.<\/strong>\u00a02015, 87, 394.<\/a><\/p>\t\t\t\t\t\t\t\t<\/div>\n\t\t\t\t<\/div>\n\t\t\t\t\t<\/div>\n\t\t<\/div>\n\t\t\t\t\t<\/div>\n\t\t<\/section>\n\t\t\t\t<\/div>\n\t\t","protected":false},"excerpt":{"rendered":"<p>2015 Complete list of publications&nbsp;here \u201cSelf-healing Inks for Autonomous Repair of Printable Electrochemical Devices\u201d, A. J. Bandodkar, V. Mohan, C. S. L\u00f3pez, J. Ram\u00edrez and J. Wang,\u00a0Adv. Electron. Mat.\u00a02015, 1, 1500289. \u201cBiocompatible Enzymatic Roller Pens for Direct Writing of Biocatalytic Materials: \u201cDo-it-Yourself\u201d Electrochemical Biosensors\u201d, A. J. Bandodkar, W. Jia, J. Ram\u00edrez and J. Wang,\u00a0Adv. Health. [&hellip;]<\/p>\n","protected":false},"author":50,"featured_media":0,"parent":73,"menu_order":5,"comment_status":"closed","ping_status":"closed","template":"","meta":{"_acf_changed":false,"site-sidebar-layout":"no-sidebar","site-content-layout":"page-builder","ast-site-content-layout":"default","site-content-style":"default","site-sidebar-style":"default","ast-global-header-display":"","ast-banner-title-visibility":"","ast-main-header-display":"","ast-hfb-above-header-display":"","ast-hfb-below-header-display":"","ast-hfb-mobile-header-display":"","site-post-title":"disabled","ast-breadcrumbs-content":"","ast-featured-img":"disabled","footer-sml-layout":"","ast-disable-related-posts":"","theme-transparent-header-meta":"default","adv-header-id-meta":"","stick-header-meta":"","header-above-stick-meta":"","header-main-stick-meta":"","header-below-stick-meta":"","astra-migrate-meta-layouts":"default","ast-page-background-enabled":"default","ast-page-background-meta":{"desktop":{"background-color":"","background-image":"","background-repeat":"repeat","background-position":"center center","background-size":"auto","background-attachment":"scroll","background-type":"","background-media":"","overlay-type":"","overlay-color":"","overlay-opacity":"","overlay-gradient":""},"tablet":{"background-color":"","background-image":"","background-repeat":"repeat","background-position":"center center","background-size":"auto","background-attachment":"scroll","background-type":"","background-media":"","overlay-type":"","overlay-color":"","overlay-opacity":"","overlay-gradient":""},"mobile":{"background-color":"","background-image":"","background-repeat":"repeat","background-position":"center center","background-size":"auto","background-attachment":"scroll","background-type":"","background-media":"","overlay-type":"","overlay-color":"","overlay-opacity":"","overlay-gradient":""}},"ast-content-background-meta":{"desktop":{"background-color":"var(--ast-global-color-5)","background-image":"","background-repeat":"repeat","background-position":"center center","background-size":"auto","background-attachment":"scroll","background-type":"","background-media":"","overlay-type":"","overlay-color":"","overlay-opacity":"","overlay-gradient":""},"tablet":{"background-color":"var(--ast-global-color-5)","background-image":"","background-repeat":"repeat","background-position":"center center","background-size":"auto","background-attachment":"scroll","background-type":"","background-media":"","overlay-type":"","overlay-color":"","overlay-opacity":"","overlay-gradient":""},"mobile":{"background-color":"var(--ast-global-color-5)","background-image":"","background-repeat":"repeat","background-position":"center center","background-size":"auto","background-attachment":"scroll","background-type":"","background-media":"","overlay-type":"","overlay-color":"","overlay-opacity":"","overlay-gradient":""}},"footnotes":""},"class_list":["post-105","page","type-page","status-publish","hentry"],"acf":[],"aioseo_notices":[],"_links":{"self":[{"href":"https:\/\/research.ece.ncsu.edu\/bandodkargroup\/wp-json\/wp\/v2\/pages\/105","targetHints":{"allow":["GET"]}}],"collection":[{"href":"https:\/\/research.ece.ncsu.edu\/bandodkargroup\/wp-json\/wp\/v2\/pages"}],"about":[{"href":"https:\/\/research.ece.ncsu.edu\/bandodkargroup\/wp-json\/wp\/v2\/types\/page"}],"author":[{"embeddable":true,"href":"https:\/\/research.ece.ncsu.edu\/bandodkargroup\/wp-json\/wp\/v2\/users\/50"}],"replies":[{"embeddable":true,"href":"https:\/\/research.ece.ncsu.edu\/bandodkargroup\/wp-json\/wp\/v2\/comments?post=105"}],"version-history":[{"count":6,"href":"https:\/\/research.ece.ncsu.edu\/bandodkargroup\/wp-json\/wp\/v2\/pages\/105\/revisions"}],"predecessor-version":[{"id":209,"href":"https:\/\/research.ece.ncsu.edu\/bandodkargroup\/wp-json\/wp\/v2\/pages\/105\/revisions\/209"}],"up":[{"embeddable":true,"href":"https:\/\/research.ece.ncsu.edu\/bandodkargroup\/wp-json\/wp\/v2\/pages\/73"}],"wp:attachment":[{"href":"https:\/\/research.ece.ncsu.edu\/bandodkargroup\/wp-json\/wp\/v2\/media?parent=105"}],"curies":[{"name":"wp","href":"https:\/\/api.w.org\/{rel}","templated":true}]}}