{"id":107,"date":"2020-10-08T04:08:19","date_gmt":"2020-10-08T04:08:19","guid":{"rendered":"https:\/\/beta.research.ece.ncsu.edu\/bandodkargroup\/?page_id=107"},"modified":"2020-10-08T06:15:18","modified_gmt":"2020-10-08T06:15:18","slug":"2014-2","status":"publish","type":"page","link":"https:\/\/research.ece.ncsu.edu\/bandodkargroup\/publications\/2014-2\/","title":{"rendered":"2014"},"content":{"rendered":"\t\t<div data-elementor-type=\"wp-page\" data-elementor-id=\"107\" class=\"elementor elementor-107\">\n\t\t\t\t\t\t<section class=\"elementor-section elementor-top-section elementor-element elementor-element-51879f5 elementor-section-boxed elementor-section-height-default elementor-section-height-default\" data-id=\"51879f5\" data-element_type=\"section\" data-e-type=\"section\" data-settings=\"{&quot;background_background&quot;:&quot;slideshow&quot;,&quot;background_slideshow_gallery&quot;:[{&quot;id&quot;:8,&quot;url&quot;:&quot;https:\\\/\\\/research.ece.ncsu.edu\\\/wp-content\\\/uploads\\\/sites\\\/9\\\/2020\\\/10\\\/2-scaled.jpg&quot;},{&quot;id&quot;:32,&quot;url&quot;:&quot;https:\\\/\\\/research.ece.ncsu.edu\\\/wp-content\\\/uploads\\\/sites\\\/9\\\/2020\\\/10\\\/9A-e1602115051998.jpg&quot;},{&quot;id&quot;:57,&quot;url&quot;:&quot;https:\\\/\\\/research.ece.ncsu.edu\\\/wp-content\\\/uploads\\\/sites\\\/9\\\/2020\\\/10\\\/4-scaled.jpg&quot;},{&quot;id&quot;:23,&quot;url&quot;:&quot;https:\\\/\\\/research.ece.ncsu.edu\\\/wp-content\\\/uploads\\\/sites\\\/9\\\/2020\\\/10\\\/sweat-energy-910x575-1.jpg&quot;},{&quot;id&quot;:24,&quot;url&quot;:&quot;https:\\\/\\\/research.ece.ncsu.edu\\\/wp-content\\\/uploads\\\/sites\\\/9\\\/2020\\\/10\\\/1068090_iontophoresis-sensor-platform-diabetes-15.jpg&quot;},{&quot;id&quot;:22,&quot;url&quot;:&quot;https:\\\/\\\/research.ece.ncsu.edu\\\/wp-content\\\/uploads\\\/sites\\\/9\\\/2020\\\/10\\\/download.jpg&quot;}],&quot;background_slideshow_transition_duration&quot;:300,&quot;background_slideshow_loop&quot;:&quot;yes&quot;,&quot;background_slideshow_slide_duration&quot;:5000,&quot;background_slideshow_slide_transition&quot;:&quot;fade&quot;}\">\n\t\t\t\t\t\t<div class=\"elementor-container elementor-column-gap-default\">\n\t\t\t\t\t<div class=\"elementor-column elementor-col-100 elementor-top-column elementor-element elementor-element-0771259\" data-id=\"0771259\" data-element_type=\"column\" data-e-type=\"column\">\n\t\t\t<div class=\"elementor-widget-wrap\">\n\t\t\t\t\t\t\t<\/div>\n\t\t<\/div>\n\t\t\t\t\t<\/div>\n\t\t<\/section>\n\t\t\t\t<section class=\"elementor-section elementor-top-section elementor-element elementor-element-bce8573 elementor-section-boxed elementor-section-height-default elementor-section-height-default\" data-id=\"bce8573\" data-element_type=\"section\" data-e-type=\"section\">\n\t\t\t\t\t\t<div class=\"elementor-container elementor-column-gap-default\">\n\t\t\t\t\t<div class=\"elementor-column elementor-col-100 elementor-top-column elementor-element elementor-element-cfbb42c\" data-id=\"cfbb42c\" data-element_type=\"column\" data-e-type=\"column\">\n\t\t\t<div class=\"elementor-widget-wrap elementor-element-populated\">\n\t\t\t\t\t\t<div class=\"elementor-element elementor-element-e0a4f92 elementor-widget elementor-widget-heading\" data-id=\"e0a4f92\" data-element_type=\"widget\" data-e-type=\"widget\" data-widget_type=\"heading.default\">\n\t\t\t\t<div class=\"elementor-widget-container\">\n\t\t\t\t\t<h2 class=\"elementor-heading-title elementor-size-default\">2014<\/h2>\t\t\t\t<\/div>\n\t\t\t\t<\/div>\n\t\t\t\t\t<\/div>\n\t\t<\/div>\n\t\t\t\t\t<\/div>\n\t\t<\/section>\n\t\t\t\t<section class=\"elementor-section elementor-top-section elementor-element elementor-element-c069ace elementor-section-boxed elementor-section-height-default elementor-section-height-default\" data-id=\"c069ace\" data-element_type=\"section\" data-e-type=\"section\">\n\t\t\t\t\t\t<div class=\"elementor-container elementor-column-gap-default\">\n\t\t\t\t\t<div class=\"elementor-column elementor-col-100 elementor-top-column elementor-element elementor-element-3428fb4\" data-id=\"3428fb4\" data-element_type=\"column\" data-e-type=\"column\">\n\t\t\t<div class=\"elementor-widget-wrap elementor-element-populated\">\n\t\t\t\t\t\t<div class=\"elementor-element elementor-element-063481e elementor-widget elementor-widget-heading\" data-id=\"063481e\" data-element_type=\"widget\" data-e-type=\"widget\" data-widget_type=\"heading.default\">\n\t\t\t\t<div class=\"elementor-widget-container\">\n\t\t\t\t\t<h2 class=\"elementor-heading-title elementor-size-default\"><h2 style=\"margin-bottom: 0px;background: transparent;font-style: normal;font-size: 22px;line-height: normal;white-space: normal\"><span style=\"background: transparent;font-size: 22px\">Complete list of publications&nbsp;<span style=\"background: transparent\"><span style=\"background: transparent;cursor: pointer;color: inherit;font-style: italic\"><a href=\"https:\/\/scholar.google.com\/citations?hl=en&amp;user=FYgDmoAAAAAJ&amp;view_op=list_works&amp;sortby=pubdate\" target=\"_blank\" rel=\"nofollow noopener\" style=\"background-image: initial;background-position: initial;background-size: initial;background-repeat: initial;background-attachment: initial;cursor: pointer;color: inherit\">here<\/a><\/span><\/span><\/span><\/h2><\/h2>\t\t\t\t<\/div>\n\t\t\t\t<\/div>\n\t\t\t\t\t<\/div>\n\t\t<\/div>\n\t\t\t\t\t<\/div>\n\t\t<\/section>\n\t\t\t\t<section class=\"elementor-section elementor-top-section elementor-element elementor-element-4950aea elementor-section-boxed elementor-section-height-default elementor-section-height-default\" data-id=\"4950aea\" data-element_type=\"section\" data-e-type=\"section\">\n\t\t\t\t\t\t<div class=\"elementor-container elementor-column-gap-default\">\n\t\t\t\t\t<div class=\"elementor-column elementor-col-100 elementor-top-column elementor-element elementor-element-d0dee70\" data-id=\"d0dee70\" data-element_type=\"column\" data-e-type=\"column\">\n\t\t\t<div class=\"elementor-widget-wrap elementor-element-populated\">\n\t\t\t\t\t\t<div class=\"elementor-element elementor-element-3cf48f4 elementor-widget elementor-widget-text-editor\" data-id=\"3cf48f4\" data-element_type=\"widget\" data-e-type=\"widget\" data-widget_type=\"text-editor.default\">\n\t\t\t\t<div class=\"elementor-widget-container\">\n\t\t\t\t\t\t\t\t\t<p class=\"font_8\"><a href=\"https:\/\/pubs.rsc.org\/no\/content\/articlehtml\/2014\/ta\/c4ta04796f\" target=\"_blank\" rel=\"noopener\">\u201cWearable textile biofuel cells for powering electronics\u201d, W. Jia, X. Wang, S. Imani, A. J. Bandodkar, J. Ram\u00edrez, P. P. Mercier and J. Wang,\u00a0<b>J. Mat. Chem. A<\/b>\u00a02014, 2, 18184.<\/a><\/p><p class=\"font_8\"><a href=\"https:\/\/www.sciencedirect.com\/science\/article\/pii\/S1388248114002239\" target=\"_blank\" rel=\"noopener\">\u201cMicroneedle-based self-powered glucose sensor\u201d, G. Vald\u00e9s-Ram\u00edrez, Y. C. Li, J. Kim, W. Jia, A. J. Bandodkar, R. Nu\u00f1ez-Flores, P. R. Miller, S. Y. Wu, R. Narayan, J. R. Windmiller, R. Polsky and J. Wang,\u00a0<b>Electrochem. Commun.<\/b>\u00a02014, 47, 58.<\/a><\/p><p class=\"font_8\"><a href=\"https:\/\/www.sciencedirect.com\/science\/article\/pii\/S0167779914000699\" target=\"_blank\" rel=\"noopener\"><span style=\"font-size: 15px; color: var( --e-global-color-text );\">\u201c<\/span>Non-invasive wearable electrochemical sensors: a review\u201d, A. J. Bandodkar, J. Wang,\u00a0<b>Trends Biotechnol.<\/b>\u00a02014, 32, 363.<\/a><\/p><p class=\"font_8\"><a href=\"https:\/\/www.sciencedirect.com\/science\/article\/pii\/S0956566313008257\" target=\"_blank\" rel=\"noopener\">\u201cEpidermal tattoo potentiometric sodium sensors with wireless signal transduction for continuous non-invasive sweat monitoring\u201d, A. J. Bandodkar, D. Molinnus, O. Mirza, T. Guinovart, J. R. Windmiller, G. Vald\u00e9s-Ram\u00edrez, F. J. Andrade, M. J. Sch\u00f6ning, J. Wang,\u00a0<b>Biosens. Bioelectron.<\/b>\u00a02014, 54, 603.<\/a><\/p><p class=\"font_8\"><a href=\"https:\/\/pubs.rsc.org\/en\/content\/articlehtml\/2014\/ta\/c4ta03256j\" target=\"_blank\" rel=\"noopener\">\u201cAn epidermal alkaline rechargeable Ag\u2013Zn printable tattoo battery for wearable electronics\u201d, S. Berchmans, A. J. Bandodkar, W. Jia, J. Ram\u00edrez, Y. S. Meng, J. Wang,\u00a0<b>J. Mat. Chem. A<\/b>\u00a02014, 2, 15788.<\/a><\/p><p class=\"font_8\"><a href=\"https:\/\/pubs.rsc.org\/en\/content\/articlehtml\/2014\/an\/c3an02359a\" target=\"_blank\" rel=\"noopener\">\u201cNon-invasive mouthguard biosensor for continuous salivary monitoring of metabolites\u201d, J. Kim, G. Vald\u00e9s-Ram\u00edrez, A. J. Bandodkar, W. Jia, A. G. Martinez, J. Ram\u00edrez, P. Mercier, J. Wang,\u00a0<b>Analyst<\/b>\u00a02014, 139, 1632.<\/a><\/p>\t\t\t\t\t\t\t\t<\/div>\n\t\t\t\t<\/div>\n\t\t\t\t\t<\/div>\n\t\t<\/div>\n\t\t\t\t\t<\/div>\n\t\t<\/section>\n\t\t\t\t<\/div>\n\t\t","protected":false},"excerpt":{"rendered":"<p>2014 Complete list of publications&nbsp;here \u201cWearable textile biofuel cells for powering electronics\u201d, W. Jia, X. Wang, S. Imani, A. J. Bandodkar, J. Ram\u00edrez, P. P. Mercier and J. Wang,\u00a0J. Mat. Chem. A\u00a02014, 2, 18184. \u201cMicroneedle-based self-powered glucose sensor\u201d, G. Vald\u00e9s-Ram\u00edrez, Y. C. Li, J. Kim, W. Jia, A. J. Bandodkar, R. Nu\u00f1ez-Flores, P. R. Miller, [&hellip;]<\/p>\n","protected":false},"author":50,"featured_media":0,"parent":73,"menu_order":6,"comment_status":"closed","ping_status":"closed","template":"","meta":{"_acf_changed":false,"site-sidebar-layout":"no-sidebar","site-content-layout":"page-builder","ast-site-content-layout":"default","site-content-style":"default","site-sidebar-style":"default","ast-global-header-display":"","ast-banner-title-visibility":"","ast-main-header-display":"","ast-hfb-above-header-display":"","ast-hfb-below-header-display":"","ast-hfb-mobile-header-display":"","site-post-title":"disabled","ast-breadcrumbs-content":"","ast-featured-img":"disabled","footer-sml-layout":"","ast-disable-related-posts":"","theme-transparent-header-meta":"default","adv-header-id-meta":"","stick-header-meta":"","header-above-stick-meta":"","header-main-stick-meta":"","header-below-stick-meta":"","astra-migrate-meta-layouts":"default","ast-page-background-enabled":"default","ast-page-background-meta":{"desktop":{"background-color":"","background-image":"","background-repeat":"repeat","background-position":"center center","background-size":"auto","background-attachment":"scroll","background-type":"","background-media":"","overlay-type":"","overlay-color":"","overlay-opacity":"","overlay-gradient":""},"tablet":{"background-color":"","background-image":"","background-repeat":"repeat","background-position":"center center","background-size":"auto","background-attachment":"scroll","background-type":"","background-media":"","overlay-type":"","overlay-color":"","overlay-opacity":"","overlay-gradient":""},"mobile":{"background-color":"","background-image":"","background-repeat":"repeat","background-position":"center center","background-size":"auto","background-attachment":"scroll","background-type":"","background-media":"","overlay-type":"","overlay-color":"","overlay-opacity":"","overlay-gradient":""}},"ast-content-background-meta":{"desktop":{"background-color":"var(--ast-global-color-5)","background-image":"","background-repeat":"repeat","background-position":"center center","background-size":"auto","background-attachment":"scroll","background-type":"","background-media":"","overlay-type":"","overlay-color":"","overlay-opacity":"","overlay-gradient":""},"tablet":{"background-color":"var(--ast-global-color-5)","background-image":"","background-repeat":"repeat","background-position":"center center","background-size":"auto","background-attachment":"scroll","background-type":"","background-media":"","overlay-type":"","overlay-color":"","overlay-opacity":"","overlay-gradient":""},"mobile":{"background-color":"var(--ast-global-color-5)","background-image":"","background-repeat":"repeat","background-position":"center center","background-size":"auto","background-attachment":"scroll","background-type":"","background-media":"","overlay-type":"","overlay-color":"","overlay-opacity":"","overlay-gradient":""}},"footnotes":""},"class_list":["post-107","page","type-page","status-publish","hentry"],"acf":[],"aioseo_notices":[],"_links":{"self":[{"href":"https:\/\/research.ece.ncsu.edu\/bandodkargroup\/wp-json\/wp\/v2\/pages\/107","targetHints":{"allow":["GET"]}}],"collection":[{"href":"https:\/\/research.ece.ncsu.edu\/bandodkargroup\/wp-json\/wp\/v2\/pages"}],"about":[{"href":"https:\/\/research.ece.ncsu.edu\/bandodkargroup\/wp-json\/wp\/v2\/types\/page"}],"author":[{"embeddable":true,"href":"https:\/\/research.ece.ncsu.edu\/bandodkargroup\/wp-json\/wp\/v2\/users\/50"}],"replies":[{"embeddable":true,"href":"https:\/\/research.ece.ncsu.edu\/bandodkargroup\/wp-json\/wp\/v2\/comments?post=107"}],"version-history":[{"count":10,"href":"https:\/\/research.ece.ncsu.edu\/bandodkargroup\/wp-json\/wp\/v2\/pages\/107\/revisions"}],"predecessor-version":[{"id":210,"href":"https:\/\/research.ece.ncsu.edu\/bandodkargroup\/wp-json\/wp\/v2\/pages\/107\/revisions\/210"}],"up":[{"embeddable":true,"href":"https:\/\/research.ece.ncsu.edu\/bandodkargroup\/wp-json\/wp\/v2\/pages\/73"}],"wp:attachment":[{"href":"https:\/\/research.ece.ncsu.edu\/bandodkargroup\/wp-json\/wp\/v2\/media?parent=107"}],"curies":[{"name":"wp","href":"https:\/\/api.w.org\/{rel}","templated":true}]}}