{"id":844,"date":"2025-05-28T22:39:30","date_gmt":"2025-05-28T22:39:30","guid":{"rendered":"https:\/\/research.ece.ncsu.edu\/ci4r\/?page_id=844"},"modified":"2025-05-31T12:49:39","modified_gmt":"2025-05-31T12:49:39","slug":"books-book-chapters","status":"publish","type":"page","link":"https:\/\/research.ece.ncsu.edu\/ci4r\/books-book-chapters\/","title":{"rendered":"Books \/ Book Chapters \/  Reports"},"content":{"rendered":"\n<div class=\"wp-block-columns is-layout-flex wp-container-core-columns-is-layout-9d6595d7 wp-block-columns-is-layout-flex\">\n<div class=\"wp-block-column is-layout-flow wp-block-column-is-layout-flow\" style=\"flex-basis:25%\">\n<figure class=\"wp-block-image size-full is-resized\"><img loading=\"lazy\" decoding=\"async\" width=\"997\" height=\"1341\" src=\"https:\/\/research.ece.ncsu.edu\/ci4r\/wp-content\/uploads\/sites\/40\/2025\/05\/coverimage_orig-1.png\" alt=\"\" class=\"wp-image-993\" style=\"width:201px;height:auto\" srcset=\"https:\/\/research.ece.ncsu.edu\/ci4r\/wp-content\/uploads\/sites\/40\/2025\/05\/coverimage_orig-1.png 997w, https:\/\/research.ece.ncsu.edu\/ci4r\/wp-content\/uploads\/sites\/40\/2025\/05\/coverimage_orig-1-223x300.png 223w, https:\/\/research.ece.ncsu.edu\/ci4r\/wp-content\/uploads\/sites\/40\/2025\/05\/coverimage_orig-1-761x1024.png 761w, https:\/\/research.ece.ncsu.edu\/ci4r\/wp-content\/uploads\/sites\/40\/2025\/05\/coverimage_orig-1-768x1033.png 768w\" sizes=\"auto, (max-width: 997px) 100vw, 997px\" \/><\/figure>\n<\/div>\n\n\n\n<div class=\"wp-block-column is-layout-flow wp-block-column-is-layout-flow\" style=\"flex-basis:66.66%\">\n<h3 class=\"wp-block-heading\"><strong>2020<\/strong><\/h3>\n\n\n\n<p class=\"has-slightly-smaller-font-size\"><em>Book <\/em><br><br><strong><a href=\"https:\/\/shop.theiet.org\/deep-neural-network-design-for-radar-applications\" target=\"_blank\" rel=\"noreferrer noopener\">Deep Neural Network Design for Radar Applications<\/a>&nbsp;<\/strong><br>Edited by Sevgi Z. Gurbuz, IET, 2020<br><br><em>Book <\/em> Chapters<br><br><strong>Prologue:&nbsp;Perspectives on Deep Learning of RF Data <\/strong><br>by <em>S.Z Gurbuz<\/em> and E. Mason<br><br><strong>Radar Signals, Systems, and Phenomenology <\/strong><br>by&nbsp;<em>S. Z. Gurbuz<\/em>, S.&nbsp;Sun, and D.&nbsp;Tahmoush<br><br><strong>Challenges in Training DNNs for Classification of Radar Micro-Doppler Signatures<\/strong><br>by <em>S.Z. Gurbuz<\/em>, M.G. Amin, <em>M.S. Seyfioglu, B. Erol<\/em><\/p>\n\n\n\n<p class=\"has-slightly-smaller-font-size\"><strong>Application of Deep Learning to Radar Remote Sensing<\/strong> <br>by J. Rogers, L.&nbsp;Cagle, J.E. Ball, M. Kurum, and&nbsp;<em>S.Z. Gurbuz<\/em><\/p>\n<\/div>\n<\/div>\n\n\n\n<div class=\"wp-block-columns is-layout-flex wp-container-core-columns-is-layout-9d6595d7 wp-block-columns-is-layout-flex\">\n<div class=\"wp-block-column is-layout-flow wp-block-column-is-layout-flow\" style=\"flex-basis:25%\">\n<figure class=\"wp-block-image size-full\"><img loading=\"lazy\" decoding=\"async\" width=\"180\" height=\"280\" src=\"https:\/\/research.ece.ncsu.edu\/ci4r\/wp-content\/uploads\/sites\/40\/2025\/05\/SpringWomenComm.jpg\" alt=\"\" class=\"wp-image-988\" \/><\/figure>\n<\/div>\n\n\n\n<div class=\"wp-block-column is-layout-flow wp-block-column-is-layout-flow\" style=\"flex-basis:66.66%\">\n<h3 class=\"wp-block-heading\"><strong>2023<\/strong><\/h3>\n\n\n\n<p class=\"has-slightly-smaller-font-size\"><em>Book Chapter<\/em><br><br><strong>Integrating AI into Radar System Design: Next-Generation Cognitive Radars <\/strong><br>by <em>S.Z Gurbuz<\/em>,&nbsp;K. Bell and M.S. Greco<br><strong>&nbsp;<\/strong><br><a href=\"https:\/\/link.springer.com\/book\/10.1007\/978-3-031-21975-7\">Women in Telecommunications<\/a><br>Edited by M.S. Greco, D. Cassioli, S.L. Ullo, and M.J. Lyons<br>Springer<\/p>\n<\/div>\n<\/div>\n\n\n\n<div class=\"wp-block-columns is-layout-flex wp-container-core-columns-is-layout-9d6595d7 wp-block-columns-is-layout-flex\">\n<div class=\"wp-block-column is-layout-flow wp-block-column-is-layout-flow\" style=\"flex-basis:25%\">\n<figure class=\"wp-block-image size-full\"><img loading=\"lazy\" decoding=\"async\" width=\"183\" height=\"275\" src=\"https:\/\/research.ece.ncsu.edu\/ci4r\/wp-content\/uploads\/sites\/40\/2025\/05\/IET_NextGenCognitiveRadar.jpg\" alt=\"\" class=\"wp-image-992\" \/><\/figure>\n<\/div>\n\n\n\n<div class=\"wp-block-column is-layout-flow wp-block-column-is-layout-flow\" style=\"flex-basis:66.66%\">\n<h3 class=\"wp-block-heading\"><strong>2022<\/strong><\/h3>\n\n\n\n<p class=\"has-slightly-smaller-font-size\"><em>Book Chapter<\/em><br><br><strong><strong>The Role of Neural Networks in Cognitive Radar<\/strong> <\/strong><br>by <em>S.Z Gurbuz,<\/em><strong>&nbsp;<\/strong>S. Bruggenwirth, T. Reininger, A.C. Gurbuz and G.E. Smith<br><strong>&nbsp;<\/strong><br><a href=\"https:\/\/digital-library.theiet.org\/doi\/book\/10.1049\/sbra552e\">Next Generation Cognitive Radar Systems<\/a><br>Edited by K.V. Mishra, M. Rangaswamy, B. Shankar<br>IET<\/p>\n<\/div>\n<\/div>\n\n\n\n<div class=\"wp-block-columns is-layout-flex wp-container-core-columns-is-layout-9d6595d7 wp-block-columns-is-layout-flex\">\n<div class=\"wp-block-column is-layout-flow wp-block-column-is-layout-flow\" style=\"flex-basis:25%\">\n<figure class=\"wp-block-image size-full is-resized\"><img loading=\"lazy\" decoding=\"async\" width=\"600\" height=\"900\" src=\"https:\/\/research.ece.ncsu.edu\/ci4r\/wp-content\/uploads\/sites\/40\/2025\/05\/BookCover_NewMethRadarData.jpg\" alt=\"\" class=\"wp-image-998\" style=\"width:187px;height:auto\" srcset=\"https:\/\/research.ece.ncsu.edu\/ci4r\/wp-content\/uploads\/sites\/40\/2025\/05\/BookCover_NewMethRadarData.jpg 600w, https:\/\/research.ece.ncsu.edu\/ci4r\/wp-content\/uploads\/sites\/40\/2025\/05\/BookCover_NewMethRadarData-200x300.jpg 200w\" sizes=\"auto, (max-width: 600px) 100vw, 600px\" \/><\/figure>\n<\/div>\n\n\n\n<div class=\"wp-block-column is-layout-flow wp-block-column-is-layout-flow\" style=\"flex-basis:66.66%\">\n<h3 class=\"wp-block-heading\"><strong>2021<\/strong><\/h3>\n\n\n\n<p class=\"has-slightly-smaller-font-size\"><em>Book Chapter<\/em><br><br><strong><strong>Kinematic and Linguistic Interpretation of Human Motion via RF Signal Analysis<\/strong><\/strong><br>by <em>S.Z Gurbuz<\/em> and E. Malaia<br><strong>&nbsp;<\/strong><br><a href=\"https:\/\/digital-library.theiet.org\/doi\/book\/10.1049\/sbra552e\"><\/a><a href=\"https:\/\/shop.theiet.org\/new-methodologies-for-understanding-radar-data\" target=\"_blank\" rel=\"noreferrer noopener\">New Methodologies for Understanding Radar Data<\/a><br>Edited by Amit&nbsp;Kumar Mishra and Stefan Br\u00fcggenwirth<br>IET<\/p>\n<\/div>\n<\/div>\n\n\n\n<div class=\"wp-block-columns is-layout-flex wp-container-core-columns-is-layout-9d6595d7 wp-block-columns-is-layout-flex\">\n<div class=\"wp-block-column is-layout-flow wp-block-column-is-layout-flow\" style=\"flex-basis:25%\">\n<figure class=\"wp-block-image size-full is-resized\"><img loading=\"lazy\" decoding=\"async\" width=\"600\" height=\"900\" src=\"https:\/\/research.ece.ncsu.edu\/ci4r\/wp-content\/uploads\/sites\/40\/2025\/05\/BookCover_MDSigAnalysis.jpg\" alt=\"\" class=\"wp-image-999\" style=\"width:187px;height:auto\" srcset=\"https:\/\/research.ece.ncsu.edu\/ci4r\/wp-content\/uploads\/sites\/40\/2025\/05\/BookCover_MDSigAnalysis.jpg 600w, https:\/\/research.ece.ncsu.edu\/ci4r\/wp-content\/uploads\/sites\/40\/2025\/05\/BookCover_MDSigAnalysis-200x300.jpg 200w\" sizes=\"auto, (max-width: 600px) 100vw, 600px\" \/><\/figure>\n<\/div>\n\n\n\n<div class=\"wp-block-column is-layout-flow wp-block-column-is-layout-flow\" style=\"flex-basis:66.66%\">\n<h3 class=\"wp-block-heading\"><strong>2020<\/strong><\/h3>\n\n\n\n<p class=\"has-slightly-smaller-font-size\"><em>Book Chapter<\/em><br><br><strong><strong>Deep Neural Networks for Radar Micro-Doppler Signature Classification<\/strong><\/strong><br>by <em>S.Z Gurbuz<\/em> and M. Amin<br><strong>\u00a0<\/strong><br><a href=\"https:\/\/digital-library.theiet.org\/doi\/book\/10.1049\/sbra552e\"><\/a><a href=\"https:\/\/shop.theiet.org\/new-methodologies-for-understanding-radar-data\" target=\"_blank\" rel=\"noreferrer noopener\"><\/a><a href=\"https:\/\/shop.theiet.org\/micro-doppler-radar-and-its-applications\" target=\"_blank\" rel=\"noreferrer noopener\">Micro-Doppler Radar and Its Applications<\/a><br>Edited by F. Fioranelli, H. Griffiths,\u00a0M. Ritchie, and A. Balleri<br>IET<\/p>\n<\/div>\n<\/div>\n\n\n\n<div class=\"wp-block-columns is-layout-flex wp-container-core-columns-is-layout-9d6595d7 wp-block-columns-is-layout-flex\">\n<div class=\"wp-block-column is-layout-flow wp-block-column-is-layout-flow\" style=\"flex-basis:25%\">\n<figure class=\"wp-block-image size-full is-resized\"><img loading=\"lazy\" decoding=\"async\" width=\"180\" height=\"251\" src=\"https:\/\/research.ece.ncsu.edu\/ci4r\/wp-content\/uploads\/sites\/40\/2025\/05\/Radar4IndoorMonitoringCover.jpg\" alt=\"\" class=\"wp-image-1000\" style=\"width:187px;height:auto\" \/><\/figure>\n<\/div>\n\n\n\n<div class=\"wp-block-column is-layout-flow wp-block-column-is-layout-flow\" style=\"flex-basis:66.66%\">\n<h3 class=\"wp-block-heading\"><strong>2017<\/strong><\/h3>\n\n\n\n<p class=\"has-slightly-smaller-font-size\"><em>Book Chapter<\/em><br><br><strong>Modeling and Simulation of Human Motions for Micro-Doppler Signatures<\/strong><br>by S.S. Ram,&nbsp;<em>S.Z. G\u00fcrb\u00fcz<\/em>, V.C. Chen<br><strong>&nbsp;<\/strong><br><a href=\"https:\/\/www.taylorfrancis.com\/books\/edit\/10.1201\/9781315155340\/radar-indoor-monitoring-moeness-amin\">Radar for In-Door Monitoring: Detection, Localization, and Assessment <\/a><br>Edited by M. Amin <br>CRC Press<\/p>\n\n\n\n<p class=\"has-slightly-smaller-font-size\"><br><br><\/p>\n<\/div>\n<\/div>\n\n\n\n<div class=\"wp-block-columns is-layout-flex wp-container-core-columns-is-layout-9d6595d7 wp-block-columns-is-layout-flex\">\n<div class=\"wp-block-column is-layout-flow wp-block-column-is-layout-flow\" style=\"flex-basis:25%\">\n<figure class=\"wp-block-image size-full is-resized\"><img loading=\"lazy\" decoding=\"async\" width=\"381\" height=\"500\" src=\"https:\/\/research.ece.ncsu.edu\/ci4r\/wp-content\/uploads\/sites\/40\/2025\/05\/POMR_AdvTechniques.jpg\" alt=\"\" class=\"wp-image-1003\" style=\"width:187px;height:auto\" srcset=\"https:\/\/research.ece.ncsu.edu\/ci4r\/wp-content\/uploads\/sites\/40\/2025\/05\/POMR_AdvTechniques.jpg 381w, https:\/\/research.ece.ncsu.edu\/ci4r\/wp-content\/uploads\/sites\/40\/2025\/05\/POMR_AdvTechniques-229x300.jpg 229w\" sizes=\"auto, (max-width: 381px) 100vw, 381px\" \/><\/figure>\n<\/div>\n\n\n\n<div class=\"wp-block-column is-layout-flow wp-block-column-is-layout-flow\" style=\"flex-basis:66.66%\">\n<h3 class=\"wp-block-heading\"><strong>2012<\/strong><\/h3>\n\n\n\n<p class=\"has-slightly-smaller-font-size\"><em>Book Chapter<\/em><br><br><strong>Human Detection with Radar: Dismount Detection<\/strong><br>by <em>S.Z. G\u00fcrb\u00fcz<\/em><br><strong>&nbsp;<\/strong><br><a href=\"https:\/\/digital-library.theiet.org\/doi\/book\/10.1049\/sbra020e\">Principles of Modern Radar: Advanced Radar Techniques<\/a> &nbsp;<br>Edited by  W.L. Melvin and J.A. Scheer<br>SciTech<\/p>\n<\/div>\n<\/div>\n\n\n\n<div class=\"wp-block-columns is-layout-flex wp-container-core-columns-is-layout-9d6595d7 wp-block-columns-is-layout-flex\">\n<div class=\"wp-block-column is-layout-flow wp-block-column-is-layout-flow\" style=\"flex-basis:25%\">\n<figure class=\"wp-block-image size-full is-resized\"><img loading=\"lazy\" decoding=\"async\" width=\"561\" height=\"750\" src=\"https:\/\/research.ece.ncsu.edu\/ci4r\/wp-content\/uploads\/sites\/40\/2025\/05\/ENRAM_STSM_FMI_Cover.png\" alt=\"\" class=\"wp-image-1006\" style=\"width:224px;height:auto\" srcset=\"https:\/\/research.ece.ncsu.edu\/ci4r\/wp-content\/uploads\/sites\/40\/2025\/05\/ENRAM_STSM_FMI_Cover.png 561w, https:\/\/research.ece.ncsu.edu\/ci4r\/wp-content\/uploads\/sites\/40\/2025\/05\/ENRAM_STSM_FMI_Cover-224x300.png 224w\" sizes=\"auto, (max-width: 561px) 100vw, 561px\" \/><\/figure>\n<\/div>\n\n\n\n<div class=\"wp-block-column is-layout-flow wp-block-column-is-layout-flow\" style=\"flex-basis:66.66%\">\n<h3 class=\"wp-block-heading\"><strong>2016<\/strong><\/h3>\n\n\n\n<p class=\"has-slightly-smaller-font-size\"><em>Technical Report<\/em><br><br><strong>Biological Echo Classification in Dual-Pol Weather Radar Data<\/strong>&nbsp;[ <a href=\"https:\/\/drive.google.com\/file\/d\/16gconyTsYn2ZIzkIu6RDJvp7KCqexVsd\/view?usp=drive_link\">PDF<\/a> ]<br>by S.Z. Gurbuz<br><br><a href=\"https:\/\/enram.eu\/\">ENRAM COST Action<\/a> Short-Term Scientific Mission (STSM) <br>@Finnish Meteorological Institute, Helsinki, Finland, 3-9 April, 2016<br><br>This STSM was carried out by Dr. Sevgi Z\u00fcbeyde G\u00fcrb\u00fcz from the TOBB University of Economics and Technology, Department of Electrical-Electronics Engineering.&nbsp; It was hosted by Dr. Jarmo Koistinen from the&nbsp;Finnish Meteorological Service and Dr. Matti Leskinen from the Universityof Helsinki.&nbsp; The goal of this work was to examine dual-pol meteorological radar data from Hatay, Turkey and determine whether significant bird migration could be detected.&nbsp; Furthermore, differences in dual-pol data obtained in Turkey versus that from Finland were considered, and the design of a naive Bayesian classifier investigated that could give robust results across geographies of significantly different climate and topology.&nbsp;<\/p>\n<\/div>\n<\/div>\n\n\n\n<div class=\"wp-block-columns is-layout-flex wp-container-core-columns-is-layout-9d6595d7 wp-block-columns-is-layout-flex\">\n<div class=\"wp-block-column is-layout-flow wp-block-column-is-layout-flow\" style=\"flex-basis:25%\">\n<figure class=\"wp-block-image size-full is-resized\"><img loading=\"lazy\" decoding=\"async\" width=\"537\" height=\"769\" src=\"https:\/\/research.ece.ncsu.edu\/ci4r\/wp-content\/uploads\/sites\/40\/2025\/05\/ENRAM_STSM_Swiss_Cover.png\" alt=\"\" class=\"wp-image-1007\" style=\"width:221px;height:auto\" srcset=\"https:\/\/research.ece.ncsu.edu\/ci4r\/wp-content\/uploads\/sites\/40\/2025\/05\/ENRAM_STSM_Swiss_Cover.png 537w, https:\/\/research.ece.ncsu.edu\/ci4r\/wp-content\/uploads\/sites\/40\/2025\/05\/ENRAM_STSM_Swiss_Cover-209x300.png 209w\" sizes=\"auto, (max-width: 537px) 100vw, 537px\" \/><\/figure>\n<\/div>\n\n\n\n<div class=\"wp-block-column is-layout-flow wp-block-column-is-layout-flow\" style=\"flex-basis:66.66%\">\n<h3 class=\"wp-block-heading\"><strong>2015<\/strong><\/h3>\n\n\n\n<p class=\"has-slightly-smaller-font-size\"><em>Technical Report<\/em><br><br><strong><strong>Identification of Biological Signals with Radar<\/strong><\/strong>&nbsp;[ <a href=\"https:\/\/drive.google.com\/file\/d\/1DKePcDHs4bjYikFuQMrnrPKEdDh0Z1FG\/view?usp=drive_link\">PDF<\/a> ]<br>by S. Z Gurbuz<br><br><a href=\"https:\/\/enram.eu\/\">ENRAM COST Action<\/a> Short-Term Scientific Mission (STSM) <br>@Swiss Ornithological Institute (Schweitzerische Vogelwarte), Sempach, Switzerland, 18-24 October, 2015<br><br>This STSM was carried out by Dr. Sevgi Z\u00fcbeyde G\u00fcrb\u00fcz from the TOBB University of Economics and Technology, Department of Electrical-Electronics Engineering.&nbsp; It was hosted by Dr. Felix Liechti from the Swiss Ornithological Institute, Sempach, Switzerland.&nbsp; The goal of this work was to develop novel machine learning algorithms for the automatic classification of bird radar signatures.&nbsp; Several classifiers were tested as well as some novel features.&nbsp; Information theory was used to rank features and identify those most significant for classification.&nbsp;<\/p>\n<\/div>\n<\/div>\n\n\n\n<div class=\"wp-block-columns is-layout-flex wp-container-core-columns-is-layout-9d6595d7 wp-block-columns-is-layout-flex\">\n<div class=\"wp-block-column is-layout-flow wp-block-column-is-layout-flow\" style=\"flex-basis:25%\">\n<figure class=\"wp-block-image size-full is-resized\"><img loading=\"lazy\" decoding=\"async\" width=\"320\" height=\"311\" src=\"https:\/\/research.ece.ncsu.edu\/ci4r\/wp-content\/uploads\/sites\/40\/2025\/05\/The_Logo_of_Tubitak_Uzay.jpg\" alt=\"\" class=\"wp-image-1017\" style=\"width:176px;height:auto\" srcset=\"https:\/\/research.ece.ncsu.edu\/ci4r\/wp-content\/uploads\/sites\/40\/2025\/05\/The_Logo_of_Tubitak_Uzay.jpg 320w, https:\/\/research.ece.ncsu.edu\/ci4r\/wp-content\/uploads\/sites\/40\/2025\/05\/The_Logo_of_Tubitak_Uzay-300x292.jpg 300w\" sizes=\"auto, (max-width: 320px) 100vw, 320px\" \/><\/figure>\n<\/div>\n\n\n\n<div class=\"wp-block-column is-layout-flow wp-block-column-is-layout-flow\" style=\"flex-basis:66.66%\">\n<h3 class=\"wp-block-heading\"><strong>2013<\/strong><\/h3>\n\n\n\n<p class=\"has-slightly-smaller-font-size\"><em>Techical Report [in Turkish]<\/em><br><br><strong>Turkiye Afet Yonetimi Karar Destek Sistemi (IZGE) Ar-Ge (A\u015fama 1) Projesi Trend Analiz Raporu <\/strong><br>by C. Demirkesen, U. Sakarya, S. Tank\u0131z, H.S. Deveci, F. \u00d6ztoprak, \u00d6. Y\u0131lmaz,&nbsp;<em>S.Z. Gurbuz<\/em>, R. K\u00fcp\u00e7u, M.A. Arabac\u0131, \u0130. At\u0131l, M. Teke, M. Pak, F. Kahraman, Y. Gen\u00e7, S. \u00c7etin<br><br>BILGEM Bilisim Teknolojileri Enstitusu, IZGE-TAR-V3.O-15<br>December 2013<br><\/p>\n<\/div>\n<\/div>\n\n\n\n<div class=\"wp-block-columns is-layout-flex wp-container-core-columns-is-layout-9d6595d7 wp-block-columns-is-layout-flex\">\n<div class=\"wp-block-column is-layout-flow wp-block-column-is-layout-flow\" style=\"flex-basis:25%\">\n<figure class=\"wp-block-image size-full is-resized\"><img loading=\"lazy\" decoding=\"async\" width=\"300\" height=\"300\" src=\"https:\/\/research.ece.ncsu.edu\/ci4r\/wp-content\/uploads\/sites\/40\/2025\/05\/afrl.png\" alt=\"\" class=\"wp-image-1020\" style=\"width:176px;height:auto\" srcset=\"https:\/\/research.ece.ncsu.edu\/ci4r\/wp-content\/uploads\/sites\/40\/2025\/05\/afrl.png 300w, https:\/\/research.ece.ncsu.edu\/ci4r\/wp-content\/uploads\/sites\/40\/2025\/05\/afrl-150x150.png 150w\" sizes=\"auto, (max-width: 300px) 100vw, 300px\" \/><\/figure>\n<\/div>\n\n\n\n<div class=\"wp-block-column is-layout-flow wp-block-column-is-layout-flow\" style=\"flex-basis:66.66%\">\n<h3 class=\"wp-block-heading\"><strong>2002<\/strong><\/h3>\n\n\n\n<p class=\"has-slightly-smaller-font-size\"><em>Techical Report <\/em><br><br><strong>Denial of Non-Cooperative Bistatic Surveillance \u00a0<\/strong><br>by D. Weiner,\u00a0<em>S. Ertan<\/em>*, P. Antonik, M. Wicks, R. Brown<br><em>* S. Ertan is the maiden name of S.Z. Gurbuz<\/em><br><br>AFRL In-House Technical Report<br>Sensors Directorate, Rome, NY<\/p>\n<\/div>\n<\/div>\n\n\n\n<div class=\"wp-block-columns is-layout-flex wp-container-core-columns-is-layout-9d6595d7 wp-block-columns-is-layout-flex\">\n<div class=\"wp-block-column is-layout-flow wp-block-column-is-layout-flow\" style=\"flex-basis:25%\">\n<figure class=\"wp-block-image size-full is-resized\"><img loading=\"lazy\" decoding=\"async\" width=\"450\" height=\"422\" src=\"https:\/\/research.ece.ncsu.edu\/ci4r\/wp-content\/uploads\/sites\/40\/2025\/05\/yeniturkiye_kapak.jpg\" alt=\"\" class=\"wp-image-1023\" style=\"width:176px;height:auto\" srcset=\"https:\/\/research.ece.ncsu.edu\/ci4r\/wp-content\/uploads\/sites\/40\/2025\/05\/yeniturkiye_kapak.jpg 450w, https:\/\/research.ece.ncsu.edu\/ci4r\/wp-content\/uploads\/sites\/40\/2025\/05\/yeniturkiye_kapak-300x281.jpg 300w\" sizes=\"auto, (max-width: 450px) 100vw, 450px\" \/><\/figure>\n<\/div>\n\n\n\n<div class=\"wp-block-column is-layout-flow wp-block-column-is-layout-flow\" style=\"flex-basis:66.66%\">\n<h3 class=\"wp-block-heading\"><strong>2002<\/strong><\/h3>\n\n\n\n<p class=\"has-slightly-smaller-font-size\"><em>Book Chapter <\/em><br><br><strong>A History of Turks in America<\/strong> [<a href=\"https:\/\/www.sevgigurbuz.com\/a-history-of-turks-in-america.html\">Link to Online Version<\/a>]<br>by S. Ertan*<br><em>* S. Ertan is the maiden name of S.Z. Gurbuz<\/em><br><br><a href=\"https:\/\/yeniturkiye.com\/the-turks\/\">The Turks<\/a>, Vol. 6, Part 78 (The Turkish Word: Turkish Diaspora), pp. 759-767 &nbsp;<br>Edited by H.C. Guzel, C. C. Oguz, O. Karatay, Yeni Turkiye Publications, 2002<br><br><br><strong>Amerika&#8217;daki Turklerin Tarihi<\/strong> [<a href=\"https:\/\/www.sevgigurbuz.com\/amerikadaki-turklerin-tarihi.html\">Link to Online Version<\/a>]<br>by S. Ertan*<br><em>* S. Ertan is the maiden name of S.Z. Gurbuz<\/em><br><br><a href=\"https:\/\/yeniturkiye.com\/turkler\/\">Turkler<\/a>, Vol. 20, Part 104 (Turk Dunyasi: Turk Yerlesimleri), pp. 881-889 &nbsp;<br>Edited by H.C. Guzel, C. C. Oguz, O. Karatay, Yeni Turkiye Publications, 2002<br><\/p>\n\n\n\n<p class=\"has-slightly-smaller-font-size\"><br><\/p>\n<\/div>\n<\/div>\n","protected":false},"excerpt":{"rendered":"<p>2020 Book Deep Neural Network Design for Radar Applications&nbsp;Edited by Sevgi Z. Gurbuz, IET, 2020 Book Chapters Prologue:&nbsp;Perspectives on Deep Learning of RF Data by&#8230;<\/p>\n","protected":false},"author":149,"featured_media":0,"parent":0,"menu_order":0,"comment_status":"closed","ping_status":"closed","template":"","meta":{"_acf_changed":false,"footnotes":""},"class_list":["post-844","page","type-page","status-publish","hentry"],"acf":[],"_links":{"self":[{"href":"https:\/\/research.ece.ncsu.edu\/ci4r\/wp-json\/wp\/v2\/pages\/844","targetHints":{"allow":["GET"]}}],"collection":[{"href":"https:\/\/research.ece.ncsu.edu\/ci4r\/wp-json\/wp\/v2\/pages"}],"about":[{"href":"https:\/\/research.ece.ncsu.edu\/ci4r\/wp-json\/wp\/v2\/types\/page"}],"author":[{"embeddable":true,"href":"https:\/\/research.ece.ncsu.edu\/ci4r\/wp-json\/wp\/v2\/users\/149"}],"replies":[{"embeddable":true,"href":"https:\/\/research.ece.ncsu.edu\/ci4r\/wp-json\/wp\/v2\/comments?post=844"}],"version-history":[{"count":26,"href":"https:\/\/research.ece.ncsu.edu\/ci4r\/wp-json\/wp\/v2\/pages\/844\/revisions"}],"predecessor-version":[{"id":1070,"href":"https:\/\/research.ece.ncsu.edu\/ci4r\/wp-json\/wp\/v2\/pages\/844\/revisions\/1070"}],"wp:attachment":[{"href":"https:\/\/research.ece.ncsu.edu\/ci4r\/wp-json\/wp\/v2\/media?parent=844"}],"curies":[{"name":"wp","href":"https:\/\/api.w.org\/{rel}","templated":true}]}}