{"id":36,"date":"2016-10-26T16:11:05","date_gmt":"2016-10-26T16:11:05","guid":{"rendered":"https:\/\/beta.research.ece.ncsu.edu\/mpact\/outreach\/"},"modified":"2019-03-02T19:26:15","modified_gmt":"2019-03-03T00:26:15","slug":"outreach","status":"publish","type":"page","link":"https:\/\/research.ece.ncsu.edu\/mpact\/outreach\/","title":{"rendered":"Outreach"},"content":{"rendered":"<p>[et_pb_section bb_built=&#8221;1&#8243; admin_label=&#8221;section&#8221; _builder_version=&#8221;3.0.51&#8243;][et_pb_row admin_label=&#8221;row&#8221; background_position=&#8221;top_left&#8221; background_repeat=&#8221;repeat&#8221; background_size=&#8221;initial&#8221; _builder_version=&#8221;3.0.51&#8243;][et_pb_column type=&#8221;4_4&#8243;][et_pb_text admin_label=&#8221;2019&#8243; use_border_color=&#8221;off&#8221; border_color=&#8221;#ffffff&#8221; border_style=&#8221;solid&#8221; background_position=&#8221;top_left&#8221; background_repeat=&#8221;repeat&#8221; background_size=&#8221;initial&#8221; _builder_version=&#8221;3.19.18&#8243;]<\/p>\n<h1>2019<\/h1>\n<p><i><b>REU Students<\/b><\/i><\/p>\n<ul>\n<li>Jianlin Chen (NCSU CS Department, NASA supported an undergraduate student working on UAVs during Spring 2019)\u00a0<\/li>\n<li>Gavin Aboulhosn (NCSU ECE Department, NSF REU student working on UAVs during Fall 2018 and Spring 2019)<\/li>\n<li>Mark Funderburk (NCSU ECE Department, NSF REU student working on UAVs during Fall 2018 and Spring 2019)<\/li>\n<\/ul>\n<p>[\/et_pb_text][et_pb_text admin_label=&#8221;2018&#8243; use_border_color=&#8221;off&#8221; border_color=&#8221;#ffffff&#8221; border_style=&#8221;solid&#8221; background_position=&#8221;top_left&#8221; background_repeat=&#8221;repeat&#8221; background_size=&#8221;initial&#8221; _builder_version=&#8221;3.19.18&#8243;]<\/p>\n<h1>2018<\/h1>\n<p><i><b>REU Students<\/b><\/i><\/p>\n<ul>\n<li>Jianlin Chen (NCSU CS Department, NASA supported an undergraduate student working on UAVs during Spring\/Fall 2018)\u00a0<\/li>\n<li>Devin Raye (NCSU ECE Department, NSF REU student working on UAVs during Spring 2018)<\/li>\n<li>Matthew Amar (NCSU ECE Department, NSF REU student working on UAVs during Spring 2018)<\/li>\n<li>Chris Brown (NCSU ECE Department, NSF REU student working on UAVs during Spring 2018)<\/li>\n<\/ul>\n<p>[\/et_pb_text][et_pb_text admin_label=&#8221;2017&#8243; use_border_color=&#8221;off&#8221; border_color=&#8221;#ffffff&#8221; border_style=&#8221;solid&#8221; background_position=&#8221;top_left&#8221; background_repeat=&#8221;repeat&#8221; background_size=&#8221;initial&#8221; _builder_version=&#8221;3.19.18&#8243;]<\/p>\n<h1>2017<\/h1>\n<p><i><b>REU Students<\/b><\/i><\/p>\n<ul>\n<li>Jianlin Chen (NCSU CS Department, REU student working on UAVs during Fall 2017)\u00a0<\/li>\n<li>Zijun Lu (NCSU ECE Department, REU student working on ray tracing simulations during Summer 2017)<\/li>\n<\/ul>\n<p>[\/et_pb_text][et_pb_text admin_label=&#8221;2016&#8243; background_layout=&#8221;light&#8221; text_orientation=&#8221;left&#8221; use_border_color=&#8221;off&#8221; border_color=&#8221;#ffffff&#8221; border_style=&#8221;solid&#8221; background_position=&#8221;top_left&#8221; background_repeat=&#8221;repeat&#8221; background_size=&#8221;initial&#8221; _builder_version=&#8221;3.19.18&#8243;]<\/p>\n<h1>2016<\/h1>\n<p><i><b>Undergraduate Summer REU and Visiting Students (June-Aug. 2016)<\/b><\/i><\/p>\n<ul>\n<li>Kathryn Van Etten (New College of Florida, Sarasota, FL, REU Student)<\/li>\n<li>Desiree Dominguez (University of Central Florida, Orlando, FL, FGLSAMP Scholar)<\/li>\n<li>Laura Gonzalez (Cornell University, Ithaca, NY, REU Student)<\/li>\n<li>Vinicius Jokubauskas (State University of Campinas, Brazil)<\/li>\n<\/ul>\n<p><i><b>High School Summer Intern (June-Aug. 2016)<\/b><\/i><\/p>\n<ul>\n<li>Dongxuan Xu (Terra Environmental Research Institute, Miami, FL)<\/li>\n<\/ul>\n<p><i><b>Senior Design Student Mentoring<\/b><\/i><\/p>\n<ul>\n<li><span style=\"font-size: medium;\"><b>Fall 2016:\u00a0<\/b><\/span>David Guerrero, Matthew Mendez, Kia Rodriguez, David Vallejo, &#8220;SkyNet LTE: An LTE Solution for Disaster Relief and Search &amp; Rescue&#8221;<\/li>\n<\/ul>\n<p>[\/et_pb_text][et_pb_text admin_label=&#8221;2015&#8243; background_layout=&#8221;light&#8221; text_orientation=&#8221;left&#8221; use_border_color=&#8221;off&#8221; border_color=&#8221;#ffffff&#8221; border_style=&#8221;solid&#8221; background_position=&#8221;top_left&#8221; background_repeat=&#8221;repeat&#8221; background_size=&#8221;initial&#8221;]<\/p>\n<h1>2015<\/h1>\n<p><i><b>Undergraduate Summer REU and Visiting Students (June-Aug. 2015)<\/b><\/i><\/p>\n<ul>\n<li>Varun Nambiar (Georgia Tech, Atlanta, GA, REU Student)<\/li>\n<li>Kory Sasaoka (Florida International University, Miami, FL, REU Student)<\/li>\n<li>Rhuan Chimenes Uliana (Universidade Federal do ABC, Santo Andre, Sao Paulo, Brazil)<\/li>\n<li>Caio de Freitas Porphirio (University of Brasilia, Bras\u00edlia, Distrito Federal, Brazil)<\/li>\n<li>Duan Cleypaul Santos (Universidade Tiradentes, Aracaju, Sergipe, Brazil)<\/li>\n<li>Thiago Santos Sobrinho (Universidade Federal de Minas Gerais, Belo Horizonte, MG, Brasil)<\/li>\n<li>G\u00f6kberk Mustafa \u00d6zpirin\u00e7\u00e7i (Istanbul Technical University, Istanbul, Turkey)<\/li>\n<\/ul>\n<p><i><b>High School Summer Intern (June-Aug. 2015)<\/b><\/i><\/p>\n<ul>\n<li>Franco Agustin Baudino (MAST Academy, Virginia Key, Miami, FL)<\/li>\n<\/ul>\n<p><i><b>Senior Design Student Mentoring<\/b><\/i><\/p>\n<ul>\n<li><strong>Spring 2015:<\/strong> Jezabel Matamoros, Felix Caballero, Samuel Diaz, Dairon Gomez, Mercedes Serfaty, &#8220;Motion Reference System for Sonar Surveyors, MRS3&#8221;<\/li>\n<li><strong>Spring 2015:<\/strong> Roberto Calderon, Lazaro Perez, Liuyi Gu, Hao Liang, &#8220;Copter Triangulation Locator&#8221;<\/li>\n<li><strong>Spring 2015:<\/strong> Huan Zhao, Han Yang, Zheng Liu, Virgilio J. Acuna, Shuaiwei Yang, &#8220;Panther Rescue Mission Drone&#8221;<\/li>\n<\/ul>\n<p>[\/et_pb_text][et_pb_text admin_label=&#8221;2014&#8243; background_layout=&#8221;light&#8221; text_orientation=&#8221;left&#8221; use_border_color=&#8221;off&#8221; border_color=&#8221;#ffffff&#8221; border_style=&#8221;solid&#8221; background_position=&#8221;top_left&#8221; background_repeat=&#8221;repeat&#8221; background_size=&#8221;initial&#8221;]<\/p>\n<h1>2014<\/h1>\n<p><i><b>Undergraduate Summer Visiting Students (June-Aug. 2014)<\/b><\/i><\/p>\n<ul>\n<li>Caique Morato Lima (Universidade do Estado do Amazonas, Manaus, Amazonas, Brazil)<\/li>\n<li>Thiago Pires Romanelli Vicente (Universidade de Sao Paulo, Sao Carlo, Sao Paulo, Brazil)<\/li>\n<li>David Lima Marinho (Universidade Tecnologica Federal do Parana, Pato Branco, Parana, Brazil)<\/li>\n<\/ul>\n<p><i><b>High School Summer Intern (June-Aug. 2014)<\/b><\/i><\/p>\n<div>\n<ul>\n<li>Laura Gonzalez (Terra Environmental Research Institute, Miami, FL)<\/li>\n<\/ul>\n<div>\n<p><i><b>Senior Design Student Mentoring<\/b><\/i><\/p>\n<div>\n<ul>\n<li><b>Fall 2014:\u00a0<\/b>Gabriel Velasco, Kevin Guevara, Maria Camila Rodriguez, Nicolas Gallo, &#8220;<i>GSM Relay Copter&#8221;\u00a0<\/i><\/li>\n<\/ul>\n<\/div>\n<ul>\n<li>MPACT Lab participated in the FIU Engineering Expo,\u00a0Feb. 2014. Over 1400 students from Miami Dade and Broward County Schools visited various research labs at the FIU College of Engineering throughout the day.<\/li>\n<\/ul>\n<\/div>\n<\/div>\n<p>[\/et_pb_text][et_pb_text admin_label=&#8221;2013&#8243; background_layout=&#8221;light&#8221; text_orientation=&#8221;left&#8221; use_border_color=&#8221;off&#8221; border_color=&#8221;#ffffff&#8221; border_style=&#8221;solid&#8221; background_position=&#8221;top_left&#8221; background_repeat=&#8221;repeat&#8221; background_size=&#8221;initial&#8221;]<\/p>\n<h1>2013<\/h1>\n<p><i><b>High School Summer Intern (June-Aug. 2014)<\/b><\/i><\/p>\n<ul>\n<li>Alexander Jimenez (Miami Spring Senior High School, Miami, FL)<\/li>\n<\/ul>\n<div>\n<p><b>Senior Design Student Mentoring<\/b><\/p>\n<ul>\n<li><b>Spring 2013:\u00a0<\/b>Adrian Suarez, Rolando Mondeja, Haslyn Martin, Carlos Diaz, Juan Baquedano, &#8220;<i>Hands-Free Camera Control&#8221;<\/i><\/li>\n<\/ul>\n<\/div>\n<div><i><b>Outreach Activities<\/b><\/i><\/div>\n<div>\n<ul>\n<li>Prof. Guvenc served as a Judge in\u00a0South Florida Regional Science and Engineering Fair, Miami Dade College\u2013North Campus, Jan. 26, 2013.<\/li>\n<\/ul>\n<\/div>\n<p>[\/et_pb_text][\/et_pb_column][\/et_pb_row][\/et_pb_section]<\/p>\n","protected":false},"excerpt":{"rendered":"<p>2019REU StudentsJianlin Chen (NCSU CS Department, NASA supported an undergraduate student working on UAVs during Spring 2019)\u00a0Gavin Aboulhosn (NCSU ECE Department, NSF REU student working on UAVs during Fall 2018 and Spring 2019)Mark Funderburk (NCSU ECE Department, NSF REU student working on UAVs during Fall 2018 and Spring 2019) 2018REU StudentsJianlin Chen (NCSU CS Department, [&hellip;]<\/p>\n","protected":false},"author":3,"featured_media":0,"parent":0,"menu_order":0,"comment_status":"closed","ping_status":"closed","template":"","meta":{"_acf_changed":false,"_et_pb_use_builder":"on","_et_pb_old_content":"<div><h2>2015<\/h2><ul><li>Undergraduate Summer Intern from Brazil at MPACT Lab (June-August 2015):<ul><li>Rhuan Chimenes Uliana (Universidade Federal do ABC, Santo Andre, Sao Paulo, Brazil)<\/li><li>Caio de Freitas Porphirio (University of Brasilia, Bras\u00edlia, Distrito Federal, Brazil)<\/li><li>Duan Cleypaul Santos (Universidade Tiradentes, Aracaju, Sergipe, Brazil)<\/li><li>Thiago Santos Sobrinho (Universidade Federal de Minas Gerais, Belo Horizonte, MG, Brasil)<\/li><\/ul><\/li><li>Undergraduate Summer Intern at MPACT Lab (June-July 2015):<ul><li>G\u00f6kberk Mustafa \u00d6zpirin\u00e7\u00e7i (Istanbul Technical University, Istanbul, Turkey)<\/li><\/ul><\/li><li>High School Summer Intern at MPACT Lab (June-July 2015):<ul><li>Franco Agustin Baudino, MAST Academy, Virginia Key, Miami, FL.<\/li><\/ul><\/li><\/ul><p>\u00a0<\/p><h2>2014<\/h2><ul><li>The MPACT Lab is working on participating in the \u201cEngineers on Wheels\u201d program starting Spring 2015. Stay tuned!<\/li><li>Undergraduate Summer Interns from Brazil at MPACT Lab (May-Aug. 2014):<ul><li>Caique Morato Lima (Universidade do Estado do Amazonas, Manaus, Amazonas, Brazil)<\/li><li>Thiago Pires Romanelli Vicente (Universidade de Sao Paulo, Sao Carlo, Sao Paulo, Brazil)<\/li><li>David Lima Marinho (Universidade Tecnologica Federal do Parana, Pato Branco, Parana, Brazil)<\/li><\/ul><\/li><li>High School Summer Intern at MPACT Lab (June-Aug. 2014):<ul><li>Laura Gonzalez, Terra Environmental Research Institute, Miami, FL. Laura worked on software defined radio basics through RTL-SDR and Raspberry Pi devices.<\/li><\/ul><\/li><li>MPACT Lab participated in the FIU Engineering Expo, Feb. 2014. Over 1400 students from Miami Dade and Broward County Schools visited various research labs at the FIU College of Engineering throughout the day.<\/li><\/ul><p>\u00a0<\/p><h2><strong>2013<\/strong><\/h2><div><ul><li>Prof. Guvenc served as a Judge in South Florida Regional Science and Engineering Fair, Miami Dade College\u2013North Campus, Jan. 26, 2013.<\/li><li>High School Summer Intern at MPACT Lab (June-Aug. 2014)<ul><li>Alexander Jimenez, Miami Spring Senior High School, Miami, FL. Alex learned about the basics of wireless communication devices and run several basic experiments with USRPs such as designing FM receivers.<\/li><\/ul><\/li><\/ul><\/div><\/div>","_et_gb_content_width":"","footnotes":""},"class_list":["post-36","page","type-page","status-publish","hentry"],"acf":[],"_links":{"self":[{"href":"https:\/\/research.ece.ncsu.edu\/mpact\/wp-json\/wp\/v2\/pages\/36","targetHints":{"allow":["GET"]}}],"collection":[{"href":"https:\/\/research.ece.ncsu.edu\/mpact\/wp-json\/wp\/v2\/pages"}],"about":[{"href":"https:\/\/research.ece.ncsu.edu\/mpact\/wp-json\/wp\/v2\/types\/page"}],"author":[{"embeddable":true,"href":"https:\/\/research.ece.ncsu.edu\/mpact\/wp-json\/wp\/v2\/users\/3"}],"replies":[{"embeddable":true,"href":"https:\/\/research.ece.ncsu.edu\/mpact\/wp-json\/wp\/v2\/comments?post=36"}],"version-history":[{"count":6,"href":"https:\/\/research.ece.ncsu.edu\/mpact\/wp-json\/wp\/v2\/pages\/36\/revisions"}],"predecessor-version":[{"id":1794,"href":"https:\/\/research.ece.ncsu.edu\/mpact\/wp-json\/wp\/v2\/pages\/36\/revisions\/1794"}],"wp:attachment":[{"href":"https:\/\/research.ece.ncsu.edu\/mpact\/wp-json\/wp\/v2\/media?parent=36"}],"curies":[{"name":"wp","href":"https:\/\/api.w.org\/{rel}","templated":true}]}}