{"id":577,"date":"2017-03-14T14:15:35","date_gmt":"2017-03-14T18:15:35","guid":{"rendered":"https:\/\/beta.research.ece.ncsu.edu\/vissta\/?page_id=577"},"modified":"2017-03-20T15:33:50","modified_gmt":"2017-03-20T19:33:50","slug":"lucas-thomaz","status":"publish","type":"page","link":"https:\/\/research.ece.ncsu.edu\/vissta\/students\/lucas-thomaz\/","title":{"rendered":"Lucas Thomaz"},"content":{"rendered":"<p><a href=\"https:\/\/research.ece.ncsu.edu\/wp-content\/uploads\/sites\/30\/2017\/03\/1.png\"><img loading=\"lazy\" decoding=\"async\" class=\"alignnone wp-image-580\" src=\"https:\/\/research.ece.ncsu.edu\/wp-content\/uploads\/sites\/30\/2017\/03\/1.png\" alt=\"\" width=\"106\" height=\"81\" \/><\/a><\/p>\n<p>I received a Master\u2019s degree in Electric Engineering from the Electrical Engineering Program of COPPE\/UFRJ (Brazil) in 2015. I have obtained a degree in Electronic and Computer Engineering by Universidade Federal do Rio de Janeiro (Brazil) in 2012 having received the Diploma de Dignidade Acad\u00eamica level <em>Cum Laude<\/em>.<\/p>\n<p>I am a Ph.D Student at COPPE\/UFRJ (Brazil) and a Visiting Research Scholar at NCSU.<\/p>\n<p>My current research interests include Image and Video Processing, Machine Learning and Convolutional Neural Networks.<\/p>\n<p>My present work concerns the detection of anomalies in surveillance videos acquired by moving cameras in cluttered scenes by using sparse decomposition techniques.<\/p>\n<p><strong>List of publications<\/strong>:<\/p>\n<p>Thomaz, Lucas A., da Silva, Allan F., da Silva, Eduardo A. B., Netto, Sergio L. and Krim, H. \u201cDetection of abandoned objects using robust subspace recovery with intrinsic video alignment,\u201d In IEEE International Conference on Circuits and Systems, 2017. (Accepted for publication)<\/p>\n<p><a href=\"http:\/\/lattes.cnpq.br\/0594386382919005\">Nakahata, Mateus T.<\/a>, Thomaz, Lucas A.,\u00a0<a href=\"http:\/\/lattes.cnpq.br\/4099191658459615\">Silva, Allan F.<\/a>,\u00a0<a href=\"http:\/\/lattes.cnpq.br\/1209382022297634\">Silva, Eduardo A. B.<\/a>,\u00a0<a href=\"http:\/\/lattes.cnpq.br\/3566465649283245\">Netto, Sergio L.<\/a> \u201cAnomaly Detection with a Moving Camera Using Spatio-Temporal Codebooks\u201d. Multidimensional Systems and Signal Processing, 2017. (Accepted for publication)<\/p>\n<p><a href=\"http:\/\/lattes.cnpq.br\/3440278517777295\">Thomaz, Lucas A.<\/a>,\u00a0<a href=\"http:\/\/lattes.cnpq.br\/4099191658459615\">da Silva, Allan F.<\/a>,\u00a0<a href=\"http:\/\/lattes.cnpq.br\/1209382022297634\">da Silva, Eduardo A. B.<\/a>,\u00a0<a href=\"http:\/\/lattes.cnpq.br\/3566465649283245\">Netto, Sergio L.<\/a>, et al. \u201cA morphological approach to the automatic detection of dark fringes applied to birefringence images\u201d. In: 2016 IEEE International Conference on Image Processing (ICIP), 2016, Phoenix. p. 739-743. <a href=\"http:\/\/ieeexplore.ieee.org\/stamp\/stamp.jsp?arnumber=7532455\">http:\/\/ieeexplore.ieee.org\/stamp\/stamp.jsp?arnumber=7532455<\/a><\/p>\n<p>da Silva, Allan F., Thomaz, Lucas A., da Silva, Eduardo A. B., Netto, Sergio L., et al. \u201cAlinhamento de sinais obtidos em trajet\u00f3rias fechadas utilizando um conjunto gen\u00e9rico desensores\u201d, in Simp\u00f3sio Brasileiro de Telecomunica\u00e7\u00f5es e Processamento de Sinais, September 2016.\u00a0<a href=\"http:\/\/www02.smt.ufrj.br\/~eduardo\/papers\/cn67.pdf\">http:\/\/www02.smt.ufrj.br\/~eduardo\/papers\/cn67.pdf<\/a><\/p>\n<p>Thomaz, Lucas A., da Silva, Allan F., da Silva, Eduardo A. B., Netto, Sergio L., Bian, Xiao, and Krim, Hamid. \u201cAbandoned object detection using operator-space pursuit,\u201d in IEEE International Conference on Image Processing, Quebec, Canada, September 2015, pp. 1980\u20131984.\u00a0<a href=\"http:\/\/ieeexplore.ieee.org\/stamp\/stamp.jsp?arnumber=7351147\">http:\/\/ieeexplore.ieee.org\/stamp\/stamp.jsp?arnumber=7351147<\/a><\/p>\n<p><a href=\"http:\/\/lattes.cnpq.br\/4099191658459615\">da silva, Allan F.<\/a>,\u00a0Thomaz, Lucas A.,\u00a0<a href=\"http:\/\/lattes.cnpq.br\/1154195226213451\">Carvalho, Gustavo<\/a>,\u00a0<a href=\"http:\/\/lattes.cnpq.br\/0594386382919005\">Nakahata, Mateus T.<\/a>,\u00a0<a href=\"http:\/\/lattes.cnpq.br\/2720865481334164\">Jardim, Eric<\/a> et al. \u201cAn annotated video database for abandoned-object detection in a cluttered environment\u201d. In: 2014 International Telecommunications Symposium (ITS), 2014, S\u00e3o Paulo. 2014. pp. 1. \u00a0<a href=\"http:\/\/ieeexplore.ieee.org\/stamp\/stamp.jsp?arnumber=6947966\">http:\/\/ieeexplore.ieee.org\/stamp\/stamp.jsp?arnumber=6947966<\/a><\/p>\n<p>&nbsp;<\/p>\n","protected":false},"excerpt":{"rendered":"<p>I received a Master\u2019s degree in Electric Engineering from the Electrical Engineering Program of COPPE\/UFRJ (Brazil) in 2015. I have obtained a degree in Electronic&#8230;<\/p>\n","protected":false},"author":113,"featured_media":0,"parent":9,"menu_order":5,"comment_status":"closed","ping_status":"closed","template":"","meta":{"_acf_changed":false,"footnotes":""},"class_list":["post-577","page","type-page","status-publish","hentry"],"acf":[],"aioseo_notices":[],"_links":{"self":[{"href":"https:\/\/research.ece.ncsu.edu\/vissta\/wp-json\/wp\/v2\/pages\/577","targetHints":{"allow":["GET"]}}],"collection":[{"href":"https:\/\/research.ece.ncsu.edu\/vissta\/wp-json\/wp\/v2\/pages"}],"about":[{"href":"https:\/\/research.ece.ncsu.edu\/vissta\/wp-json\/wp\/v2\/types\/page"}],"author":[{"embeddable":true,"href":"https:\/\/research.ece.ncsu.edu\/vissta\/wp-json\/wp\/v2\/users\/113"}],"replies":[{"embeddable":true,"href":"https:\/\/research.ece.ncsu.edu\/vissta\/wp-json\/wp\/v2\/comments?post=577"}],"version-history":[{"count":5,"href":"https:\/\/research.ece.ncsu.edu\/vissta\/wp-json\/wp\/v2\/pages\/577\/revisions"}],"predecessor-version":[{"id":599,"href":"https:\/\/research.ece.ncsu.edu\/vissta\/wp-json\/wp\/v2\/pages\/577\/revisions\/599"}],"up":[{"embeddable":true,"href":"https:\/\/research.ece.ncsu.edu\/vissta\/wp-json\/wp\/v2\/pages\/9"}],"wp:attachment":[{"href":"https:\/\/research.ece.ncsu.edu\/vissta\/wp-json\/wp\/v2\/media?parent=577"}],"curies":[{"name":"wp","href":"https:\/\/api.w.org\/{rel}","templated":true}]}}